{"id":1236,"date":"2012-02-17T17:28:58","date_gmt":"2012-02-17T16:28:58","guid":{"rendered":"http:\/\/test1.itanum.biz\/veranstaltungen\/"},"modified":"2026-04-13T11:38:09","modified_gmt":"2026-04-13T09:38:09","slug":"festprogramm","status":"publish","type":"page","link":"https:\/\/borthenerbluetenfest.de\/herzlich-willkommen-in-borthen-zum-bluetenfest\/festprogramm","title":{"rendered":"Festprogramm 2026"},"content":{"rendered":"<p><img loading=\"lazy\" decoding=\"async\" class=\"wp-image-3658 alignleft\" src=\"https:\/\/borthenerbluetenfest.de\/wp-content\/uploads\/2026\/04\/Feldi-1024x839.jpg\" alt=\"\" width=\"187\" height=\"153\" srcset=\"https:\/\/borthenerbluetenfest.de\/wp-content\/uploads\/2026\/04\/Feldi-1024x839.jpg 1024w, https:\/\/borthenerbluetenfest.de\/wp-content\/uploads\/2026\/04\/Feldi-300x246.jpg 300w, https:\/\/borthenerbluetenfest.de\/wp-content\/uploads\/2026\/04\/Feldi-768x630.jpg 768w, https:\/\/borthenerbluetenfest.de\/wp-content\/uploads\/2026\/04\/Feldi.jpg 1509w\" sizes=\"auto, (max-width: 187px) 100vw, 187px\" \/>Am 1. Mai starten wir p\u00fcnktlich 11:00 Uhr mit dem Bieranstich und einem z\u00fcnftigen Fr\u00fchschoppen &#8230;<\/p>\n<figure id=\"attachment_3112\" aria-describedby=\"caption-attachment-3112\" style=\"width: 223px\" class=\"wp-caption alignright\"><img loading=\"lazy\" decoding=\"async\" class=\"wp-image-3112\" src=\"http:\/\/borthenerbluetenfest.de\/wp-content\/uploads\/2012\/02\/Spa\u00dfimir_1.png\" alt=\"\" width=\"223\" height=\"177\" srcset=\"https:\/\/borthenerbluetenfest.de\/wp-content\/uploads\/2012\/02\/Spa\u00dfimir_1.png 400w, https:\/\/borthenerbluetenfest.de\/wp-content\/uploads\/2012\/02\/Spa\u00dfimir_1-300x239.png 300w\" sizes=\"auto, (max-width: 223px) 100vw, 223px\" \/><figcaption id=\"caption-attachment-3112\" class=\"wp-caption-text\">Spassimir &amp; Meister Klecks<\/figcaption><\/figure>\n<p>&nbsp;<\/p>\n<p>&#8230; aber unsere Kleinen haben sicher in der Kinderwelt mit Spassimir &amp; Meister Klecks, dem AugustTheater, Clown Husch, dem Puppentheater Sternenzauber uvm. genau so viel Spa\u00df.<\/p>\n<p>Unser komplettes Programm f\u00fcr 2026 findet Ihr <em><strong><a href=\"https:\/\/borthenerbluetenfest.de\/wp-content\/uploads\/2026\/04\/Borthen26_Flyer_Programm.pdf\">hier<\/a><\/strong><\/em>.<\/p>\n<p>Wir haben f\u00fcr Euch wieder ein buntes Programm f\u00fcr Gro\u00df und Klein, aber auch Alt und Jung zusammengestellt. Kommt vorbei und feiert mit!<\/p>\n<p>Rocknacht mit Umlaut, Garagentor3 und Too Many Roads<img loading=\"lazy\" decoding=\"async\" class=\"wp-image-3657 alignleft\" src=\"https:\/\/borthenerbluetenfest.de\/wp-content\/uploads\/2026\/04\/Umlaut-1024x439.png\" alt=\"\" width=\"262\" height=\"112\" srcset=\"https:\/\/borthenerbluetenfest.de\/wp-content\/uploads\/2026\/04\/Umlaut-1024x439.png 1024w, https:\/\/borthenerbluetenfest.de\/wp-content\/uploads\/2026\/04\/Umlaut-300x128.png 300w, https:\/\/borthenerbluetenfest.de\/wp-content\/uploads\/2026\/04\/Umlaut-768x329.png 768w, https:\/\/borthenerbluetenfest.de\/wp-content\/uploads\/2026\/04\/Umlaut.png 1039w\" sizes=\"auto, (max-width: 262px) 100vw, 262px\" \/><\/p>\n<p><img loading=\"lazy\" decoding=\"async\" class=\"wp-image-3655 alignright\" src=\"https:\/\/borthenerbluetenfest.de\/wp-content\/uploads\/2026\/04\/Logo-Too-many-roads-1024x520.png\" alt=\"\" width=\"244\" height=\"124\" srcset=\"https:\/\/borthenerbluetenfest.de\/wp-content\/uploads\/2026\/04\/Logo-Too-many-roads-1024x520.png 1024w, https:\/\/borthenerbluetenfest.de\/wp-content\/uploads\/2026\/04\/Logo-Too-many-roads-300x152.png 300w, https:\/\/borthenerbluetenfest.de\/wp-content\/uploads\/2026\/04\/Logo-Too-many-roads-768x390.png 768w, https:\/\/borthenerbluetenfest.de\/wp-content\/uploads\/2026\/04\/Logo-Too-many-roads.png 1296w\" sizes=\"auto, (max-width: 244px) 100vw, 244px\" \/><\/p>\n<p><img loading=\"lazy\" decoding=\"async\" class=\"wp-image-3656 alignright\" src=\"https:\/\/borthenerbluetenfest.de\/wp-content\/uploads\/2026\/04\/Garagentor-3.png\" alt=\"\" width=\"325\" height=\"94\" srcset=\"https:\/\/borthenerbluetenfest.de\/wp-content\/uploads\/2026\/04\/Garagentor-3.png 886w, https:\/\/borthenerbluetenfest.de\/wp-content\/uploads\/2026\/04\/Garagentor-3-300x87.png 300w, https:\/\/borthenerbluetenfest.de\/wp-content\/uploads\/2026\/04\/Garagentor-3-768x222.png 768w\" sizes=\"auto, (max-width: 325px) 100vw, 325px\" \/><\/p>\n<div class=\"mceTemp\">&nbsp;<\/div>\n<figure id=\"attachment_3470\" aria-describedby=\"caption-attachment-3470\" style=\"width: 204px\" class=\"wp-caption alignleft\"><img loading=\"lazy\" decoding=\"async\" class=\"wp-image-3470\" src=\"http:\/\/borthenerbluetenfest.de\/wp-content\/uploads\/2020\/01\/grigorij-randi-kaestner-kubsch-641x960.jpg\" alt=\"\" width=\"204\" height=\"305\" srcset=\"https:\/\/borthenerbluetenfest.de\/wp-content\/uploads\/2020\/01\/grigorij-randi-kaestner-kubsch-641x960.jpg 641w, https:\/\/borthenerbluetenfest.de\/wp-content\/uploads\/2020\/01\/grigorij-randi-kaestner-kubsch-641x960-200x300.jpg 200w\" sizes=\"auto, (max-width: 204px) 100vw, 204px\" \/><figcaption id=\"caption-attachment-3470\" class=\"wp-caption-text\">Das AugustTheater Dresden mit Grigorij und Randi K\u00e4stner-Kubsch<\/figcaption><\/figure>\n<figure id=\"attachment_2758\" aria-describedby=\"caption-attachment-2758\" style=\"width: 331px\" class=\"wp-caption alignright\"><img loading=\"lazy\" decoding=\"async\" class=\"wp-image-2758\" src=\"http:\/\/borthenerbluetenfest.de\/wp-content\/uploads\/2015\/04\/P1030925.jpg\" alt=\"Lagerfeuer im Schlosspark\" width=\"331\" height=\"248\" srcset=\"https:\/\/borthenerbluetenfest.de\/wp-content\/uploads\/2015\/04\/P1030925.jpg 4320w, https:\/\/borthenerbluetenfest.de\/wp-content\/uploads\/2015\/04\/P1030925-300x225.jpg 300w, https:\/\/borthenerbluetenfest.de\/wp-content\/uploads\/2015\/04\/P1030925-1024x768.jpg 1024w\" sizes=\"auto, (max-width: 331px) 100vw, 331px\" \/><figcaption id=\"caption-attachment-2758\" class=\"wp-caption-text\">Lagerfeuer im Schlosspark<\/figcaption><\/figure>\n<figure id=\"attachment_3570\" aria-describedby=\"caption-attachment-3570\" style=\"width: 320px\" class=\"wp-caption alignleft\"><img loading=\"lazy\" decoding=\"async\" class=\"wp-image-3570\" src=\"http:\/\/borthenerbluetenfest.de\/wp-content\/uploads\/2024\/02\/IMG_5275-scaled.jpg\" alt=\"\" width=\"320\" height=\"213\" srcset=\"https:\/\/borthenerbluetenfest.de\/wp-content\/uploads\/2024\/02\/IMG_5275-scaled.jpg 2560w, https:\/\/borthenerbluetenfest.de\/wp-content\/uploads\/2024\/02\/IMG_5275-300x200.jpg 300w, https:\/\/borthenerbluetenfest.de\/wp-content\/uploads\/2024\/02\/IMG_5275-1024x683.jpg 1024w, https:\/\/borthenerbluetenfest.de\/wp-content\/uploads\/2024\/02\/IMG_5275-768x512.jpg 768w, https:\/\/borthenerbluetenfest.de\/wp-content\/uploads\/2024\/02\/IMG_5275-1536x1024.jpg 1536w, https:\/\/borthenerbluetenfest.de\/wp-content\/uploads\/2024\/02\/IMG_5275-2048x1365.jpg 2048w\" sizes=\"auto, (max-width: 320px) 100vw, 320px\" \/><figcaption id=\"caption-attachment-3570\" class=\"wp-caption-text\">Spielmanszug Dresden zum Lampionumzug &#8211; Ein MUSS!<\/figcaption><\/figure>\n   ","protected":false},"excerpt":{"rendered":"<p>Am 1. Mai starten wir p\u00fcnktlich 11:00 Uhr mit dem Bieranstich und einem z\u00fcnftigen Fr\u00fchschoppen &#8230; &nbsp; &#8230; aber unsere Kleinen haben sicher in der Kinderwelt mit Spassimir &amp; Meister Klecks, dem AugustTheater, Clown Husch, dem Puppentheater Sternenzauber uvm. genau so viel Spa\u00df. Unser komplettes Programm f\u00fcr 2026 findet Ihr hier. Wir haben f\u00fcr Euch &hellip; <a href=\"https:\/\/borthenerbluetenfest.de\/herzlich-willkommen-in-borthen-zum-bluetenfest\/festprogramm\" class=\"more-link\"><span class=\"screen-reader-text\">Festprogramm 2026<\/span> weiterlesen<\/a><\/p>\n","protected":false},"author":2,"featured_media":3569,"parent":0,"menu_order":0,"comment_status":"closed","ping_status":"closed","template":"","meta":{"ngg_post_thumbnail":0,"footnotes":""},"class_list":["post-1236","page","type-page","status-publish","has-post-thumbnail","hentry"],"_links":{"self":[{"href":"https:\/\/borthenerbluetenfest.de\/herzlich-willkommen-in-borthen-zum-bluetenfest\/wp-json\/wp\/v2\/pages\/1236","targetHints":{"allow":["GET"]}}],"collection":[{"href":"https:\/\/borthenerbluetenfest.de\/herzlich-willkommen-in-borthen-zum-bluetenfest\/wp-json\/wp\/v2\/pages"}],"about":[{"href":"https:\/\/borthenerbluetenfest.de\/herzlich-willkommen-in-borthen-zum-bluetenfest\/wp-json\/wp\/v2\/types\/page"}],"author":[{"embeddable":true,"href":"https:\/\/borthenerbluetenfest.de\/herzlich-willkommen-in-borthen-zum-bluetenfest\/wp-json\/wp\/v2\/users\/2"}],"replies":[{"embeddable":true,"href":"https:\/\/borthenerbluetenfest.de\/herzlich-willkommen-in-borthen-zum-bluetenfest\/wp-json\/wp\/v2\/comments?post=1236"}],"version-history":[{"count":48,"href":"https:\/\/borthenerbluetenfest.de\/herzlich-willkommen-in-borthen-zum-bluetenfest\/wp-json\/wp\/v2\/pages\/1236\/revisions"}],"predecessor-version":[{"id":3659,"href":"https:\/\/borthenerbluetenfest.de\/herzlich-willkommen-in-borthen-zum-bluetenfest\/wp-json\/wp\/v2\/pages\/1236\/revisions\/3659"}],"wp:featuredmedia":[{"embeddable":true,"href":"https:\/\/borthenerbluetenfest.de\/herzlich-willkommen-in-borthen-zum-bluetenfest\/wp-json\/wp\/v2\/media\/3569"}],"wp:attachment":[{"href":"https:\/\/borthenerbluetenfest.de\/herzlich-willkommen-in-borthen-zum-bluetenfest\/wp-json\/wp\/v2\/media?parent=1236"}],"curies":[{"name":"wp","href":"https:\/\/api.w.org\/{rel}","templated":true}]}}