{"id":2923,"date":"2016-05-16T21:24:08","date_gmt":"2016-05-16T19:24:08","guid":{"rendered":"http:\/\/borthenerbluetenfest.de\/?page_id=2923"},"modified":"2026-05-16T09:51:34","modified_gmt":"2026-05-16T07:51:34","slug":"ergebnisse-bluetenfestlauf-2026","status":"publish","type":"page","link":"https:\/\/borthenerbluetenfest.de\/herzlich-willkommen-in-borthen-zum-bluetenfest\/ergebnisse-bluetenfestlauf-2026","title":{"rendered":"Ergebnisse Bl\u00fctenfestlauf 2026"},"content":{"rendered":"<p><img loading=\"lazy\" decoding=\"async\" class=\"wp-image-4063 alignleft\" src=\"https:\/\/borthenerbluetenfest.de\/wp-content\/uploads\/2026\/05\/DSC1231-683x1024.jpg\" alt=\"\" width=\"171\" height=\"257\" srcset=\"https:\/\/borthenerbluetenfest.de\/wp-content\/uploads\/2026\/05\/DSC1231-683x1024.jpg 683w, https:\/\/borthenerbluetenfest.de\/wp-content\/uploads\/2026\/05\/DSC1231-200x300.jpg 200w, https:\/\/borthenerbluetenfest.de\/wp-content\/uploads\/2026\/05\/DSC1231-768x1152.jpg 768w, https:\/\/borthenerbluetenfest.de\/wp-content\/uploads\/2026\/05\/DSC1231-1024x1536.jpg 1024w, https:\/\/borthenerbluetenfest.de\/wp-content\/uploads\/2026\/05\/DSC1231-1365x2048.jpg 1365w, https:\/\/borthenerbluetenfest.de\/wp-content\/uploads\/2026\/05\/DSC1231-scaled.jpg 1707w\" sizes=\"auto, (max-width: 171px) 100vw, 171px\" \/>Es war wieder ein tolles Laufspektakel bei 25\u00b0C und Sonnenschein.&nbsp;Das herrliche Wetter<span class=\"334595207-10052016\"> und <\/span>das gro\u00dfe L\u00e4uferfeld mit 109 Startern, die auch alle ins Ziel gekommen sind, haben <span class=\"334595207-10052016\">nach unserer Einsch\u00e4tzung <\/span>den Bl\u00fctenfestlauf zu einer gelungenen Veranstaltung im Rahmen des Bl\u00fctenfestes werden lassen.<img loading=\"lazy\" decoding=\"async\" class=\" wp-image-4062 alignright\" src=\"https:\/\/borthenerbluetenfest.de\/wp-content\/uploads\/2026\/05\/DSC1637-1024x683.jpg\" alt=\"\" width=\"234\" height=\"156\" srcset=\"https:\/\/borthenerbluetenfest.de\/wp-content\/uploads\/2026\/05\/DSC1637-1024x683.jpg 1024w, https:\/\/borthenerbluetenfest.de\/wp-content\/uploads\/2026\/05\/DSC1637-300x200.jpg 300w, https:\/\/borthenerbluetenfest.de\/wp-content\/uploads\/2026\/05\/DSC1637-768x512.jpg 768w, https:\/\/borthenerbluetenfest.de\/wp-content\/uploads\/2026\/05\/DSC1637-1536x1024.jpg 1536w, https:\/\/borthenerbluetenfest.de\/wp-content\/uploads\/2026\/05\/DSC1637-2048x1365.jpg 2048w\" sizes=\"auto, (max-width: 234px) 100vw, 234px\" \/><\/p>\n<p>&nbsp;<\/p>\n<p><a href=\"https:\/\/borthenerbluetenfest.de\/wp-content\/uploads\/2026\/05\/Ergebnisliste_BFL_2026_Korrektur_Optimized.pdf\">ERGEBNISLISTE_Bl\u00fctenfestlauf 2026<\/a><\/p>\n<p>Am 8. Mai 2027 gibt es dann die Neuauflage.<\/p>\n<p style=\"text-align: center;\"><a href=\"https:\/\/borthenerbluetenfest.de\/herzlich-willkommen-in-borthen-zum-bluetenfest\/bluetenfestlauf-2026-impressionen\">Hier findet Ihr ein paar sch\u00f6ne Impressionen des diesj\u00e4hrigen 50. Bl\u00fctenfestlaufes.<\/a><\/p>\n   ","protected":false},"excerpt":{"rendered":"<p>Es war wieder ein tolles Laufspektakel bei 25\u00b0C und Sonnenschein.&nbsp;Das herrliche Wetter und das gro\u00dfe L\u00e4uferfeld mit 109 Startern, die auch alle ins Ziel gekommen sind, haben nach unserer Einsch\u00e4tzung den Bl\u00fctenfestlauf zu einer gelungenen Veranstaltung im Rahmen des Bl\u00fctenfestes werden lassen. &nbsp; ERGEBNISLISTE_Bl\u00fctenfestlauf 2026 Am 8. Mai 2027 gibt es dann die Neuauflage. Hier &hellip; <a href=\"https:\/\/borthenerbluetenfest.de\/herzlich-willkommen-in-borthen-zum-bluetenfest\/ergebnisse-bluetenfestlauf-2026\" class=\"more-link\"><span class=\"screen-reader-text\">Ergebnisse Bl\u00fctenfestlauf 2026<\/span> weiterlesen<\/a><\/p>\n","protected":false},"author":1,"featured_media":4061,"parent":0,"menu_order":0,"comment_status":"closed","ping_status":"closed","template":"","meta":{"ngg_post_thumbnail":0,"footnotes":""},"class_list":["post-2923","page","type-page","status-publish","has-post-thumbnail","hentry"],"_links":{"self":[{"href":"https:\/\/borthenerbluetenfest.de\/herzlich-willkommen-in-borthen-zum-bluetenfest\/wp-json\/wp\/v2\/pages\/2923","targetHints":{"allow":["GET"]}}],"collection":[{"href":"https:\/\/borthenerbluetenfest.de\/herzlich-willkommen-in-borthen-zum-bluetenfest\/wp-json\/wp\/v2\/pages"}],"about":[{"href":"https:\/\/borthenerbluetenfest.de\/herzlich-willkommen-in-borthen-zum-bluetenfest\/wp-json\/wp\/v2\/types\/page"}],"author":[{"embeddable":true,"href":"https:\/\/borthenerbluetenfest.de\/herzlich-willkommen-in-borthen-zum-bluetenfest\/wp-json\/wp\/v2\/users\/1"}],"replies":[{"embeddable":true,"href":"https:\/\/borthenerbluetenfest.de\/herzlich-willkommen-in-borthen-zum-bluetenfest\/wp-json\/wp\/v2\/comments?post=2923"}],"version-history":[{"count":9,"href":"https:\/\/borthenerbluetenfest.de\/herzlich-willkommen-in-borthen-zum-bluetenfest\/wp-json\/wp\/v2\/pages\/2923\/revisions"}],"predecessor-version":[{"id":4064,"href":"https:\/\/borthenerbluetenfest.de\/herzlich-willkommen-in-borthen-zum-bluetenfest\/wp-json\/wp\/v2\/pages\/2923\/revisions\/4064"}],"wp:featuredmedia":[{"embeddable":true,"href":"https:\/\/borthenerbluetenfest.de\/herzlich-willkommen-in-borthen-zum-bluetenfest\/wp-json\/wp\/v2\/media\/4061"}],"wp:attachment":[{"href":"https:\/\/borthenerbluetenfest.de\/herzlich-willkommen-in-borthen-zum-bluetenfest\/wp-json\/wp\/v2\/media?parent=2923"}],"curies":[{"name":"wp","href":"https:\/\/api.w.org\/{rel}","templated":true}]}}