{"id":2928,"date":"2016-05-17T15:41:07","date_gmt":"2016-05-17T13:41:07","guid":{"rendered":"http:\/\/borthenerbluetenfest.de\/?page_id=2928"},"modified":"2017-03-07T20:29:52","modified_gmt":"2017-03-07T19:29:52","slug":"20-saechsische-bluetenkoenigin-janett-i","status":"publish","type":"page","link":"https:\/\/borthenerbluetenfest.de\/herzlich-willkommen-in-borthen-zum-bluetenfest\/20-saechsische-bluetenkoenigin-janett-i","title":{"rendered":"20. S\u00e4chsische Bl\u00fctenk\u00f6nigin Janett I."},"content":{"rendered":"<p><a href=\"http:\/\/borthenerbluetenfest.de\/wp-content\/uploads\/2016\/05\/Janett-Laura.jpg\"><img loading=\"lazy\" decoding=\"async\" class=\"size-full wp-image-2929 alignleft\" src=\"http:\/\/borthenerbluetenfest.de\/wp-content\/uploads\/2016\/05\/Janett-Laura.jpg\" alt=\"Janett + Laura\" width=\"208\" height=\"155\"><\/a>Da strahlen die Gesichter des s\u00e4chsischen Obstanbaus.&nbsp;Janett Schnabel aus Dresden ist am 7. Mai 2016 zur 20. S\u00e4chsischen Bl\u00fctenk\u00f6nigin Janett I. gekr\u00f6nt worden. Ihr zur Seite steht die S\u00e4chsische Bl\u00fctenprinzessin Laura Kirchner aus Zwenkau. Beide&nbsp;sind noch bis zum 6. Mai 2017 im Amt, dann wird die 22. S\u00e4chsische Bl\u00fctenk\u00f6nigin gew\u00e4hlt.<\/p>\n<p>Bei uns in Borthen ist ihre Majest\u00e4t dann am 7.&nbsp;Mai zu Gast.&nbsp;<\/p>\n<p><em>Fotos von D. F\u00f6rster<\/em><\/p>\n   ","protected":false},"excerpt":{"rendered":"<p>Da strahlen die Gesichter des s\u00e4chsischen Obstanbaus.&nbsp;Janett Schnabel aus Dresden ist am 7. Mai 2016 zur 20. S\u00e4chsischen Bl\u00fctenk\u00f6nigin Janett I. gekr\u00f6nt worden. Ihr zur Seite steht die S\u00e4chsische Bl\u00fctenprinzessin Laura Kirchner aus Zwenkau. Beide&nbsp;sind noch bis zum 6. Mai 2017 im Amt, dann wird die 22. S\u00e4chsische Bl\u00fctenk\u00f6nigin gew\u00e4hlt. Bei uns in Borthen ist &hellip; <a href=\"https:\/\/borthenerbluetenfest.de\/herzlich-willkommen-in-borthen-zum-bluetenfest\/20-saechsische-bluetenkoenigin-janett-i\" class=\"more-link\"><span class=\"screen-reader-text\">20. S\u00e4chsische Bl\u00fctenk\u00f6nigin Janett I.<\/span> weiterlesen<\/a><\/p>\n","protected":false},"author":1,"featured_media":2930,"parent":0,"menu_order":0,"comment_status":"closed","ping_status":"closed","template":"","meta":{"ngg_post_thumbnail":0,"footnotes":""},"class_list":["post-2928","page","type-page","status-publish","has-post-thumbnail","hentry"],"_links":{"self":[{"href":"https:\/\/borthenerbluetenfest.de\/herzlich-willkommen-in-borthen-zum-bluetenfest\/wp-json\/wp\/v2\/pages\/2928","targetHints":{"allow":["GET"]}}],"collection":[{"href":"https:\/\/borthenerbluetenfest.de\/herzlich-willkommen-in-borthen-zum-bluetenfest\/wp-json\/wp\/v2\/pages"}],"about":[{"href":"https:\/\/borthenerbluetenfest.de\/herzlich-willkommen-in-borthen-zum-bluetenfest\/wp-json\/wp\/v2\/types\/page"}],"author":[{"embeddable":true,"href":"https:\/\/borthenerbluetenfest.de\/herzlich-willkommen-in-borthen-zum-bluetenfest\/wp-json\/wp\/v2\/users\/1"}],"replies":[{"embeddable":true,"href":"https:\/\/borthenerbluetenfest.de\/herzlich-willkommen-in-borthen-zum-bluetenfest\/wp-json\/wp\/v2\/comments?post=2928"}],"version-history":[{"count":11,"href":"https:\/\/borthenerbluetenfest.de\/herzlich-willkommen-in-borthen-zum-bluetenfest\/wp-json\/wp\/v2\/pages\/2928\/revisions"}],"predecessor-version":[{"id":3117,"href":"https:\/\/borthenerbluetenfest.de\/herzlich-willkommen-in-borthen-zum-bluetenfest\/wp-json\/wp\/v2\/pages\/2928\/revisions\/3117"}],"wp:featuredmedia":[{"embeddable":true,"href":"https:\/\/borthenerbluetenfest.de\/herzlich-willkommen-in-borthen-zum-bluetenfest\/wp-json\/wp\/v2\/media\/2930"}],"wp:attachment":[{"href":"https:\/\/borthenerbluetenfest.de\/herzlich-willkommen-in-borthen-zum-bluetenfest\/wp-json\/wp\/v2\/media?parent=2928"}],"curies":[{"name":"wp","href":"https:\/\/api.w.org\/{rel}","templated":true}]}}