{"id":3097,"date":"2017-02-09T21:57:40","date_gmt":"2017-02-09T20:57:40","guid":{"rendered":"http:\/\/borthenerbluetenfest.de\/?page_id=3097"},"modified":"2023-10-31T16:55:56","modified_gmt":"2023-10-31T15:55:56","slug":"haendler-schausteller","status":"publish","type":"page","link":"https:\/\/borthenerbluetenfest.de\/herzlich-willkommen-in-borthen-zum-bluetenfest\/haendler-schausteller","title":{"rendered":"H\u00e4ndler &#038; Schausteller"},"content":{"rendered":"<h4 style=\"text-align: left;\"><span style=\"font-size: 17px; font-weight: 400;\">Bewerbungen f\u00fcr 2024 k\u00f6nnen Sie uns wie folgt zukommen lassen:<\/span><\/h4>\n<p>H\u00e4ndler und Schausteller k\u00f6nnen sich unter Angabe von:<\/p>\n<ul>\n<li>Anschrift<\/li>\n<li>Telefon \/ E-Mail<\/li>\n<li>Sortiment<\/li>\n<li>Platzbedarf (bei H\u00e4ngern incl. Deichsel)<\/li>\n<li>Wasser- bzw. Elektroanschluss (Leistung \/ Steckergr\u00f6\u00dfe)<\/li>\n<\/ul>\n<p>beim Bl\u00fctenfestverein um einen Standplatz bewerben. Es wird ein volksfest\u00fcbliches Markttreiben angestrebt, wobei H\u00e4ndler mit traditionellem Sortiment bevorzugt werden. Textilh\u00e4ndler werden nur beschr\u00e4nkt zugelassen. \u00dcber die Standplatzvergabe entscheidet der Vorstand mit der Marktleitung. H\u00e4ndler und Gewerbetreibende ohne g\u00fcltigen Platzmietvertrag&nbsp;sind von der Marktveranstaltung ausgeschlossen. Die Platzmiete ist im voraus bis sp\u00e4testens eine Woche vor dem Fest an den Veranstalter zu \u00fcberweisen.<\/p>\n<p>Es gelten die <a href=\"http:\/\/borthenerbluetenfest.de\/wp-content\/uploads\/2017\/02\/AGB-H\u00e4ndler-und-Schausteller-Stand-01-2017.pdf\">Allgemeinen Vertragsbedingungen f\u00fcr H\u00e4ndler und Schausteller Stand 01\/2017<\/a>, welche hier zum Download verf\u00fcgbar sind. Die Entgelte richten sich nach der g\u00fcltigen Entgeldordnung.<\/p>\n<p style=\"text-align: justify;\">E-Mail:&nbsp;<a href=\"mailto:kontakt@borthenerbluetenfest.de\"><span style=\"text-decoration: underline;\"><em><span style=\"color: #0000ff; text-decoration: underline;\">kontakt@borthenerbluetenfest.de<\/span><\/em><\/span><\/a>&nbsp;<\/p>\n<p><strong><span style=\"text-decoration: underline;\">Bankverbindung<\/span><\/strong><\/p>\n<p><em>Bl\u00fctenfestverein Borthen R\u00f6hrsdorf e.V.<\/em><br \/>\n<em>IBAN: DE10 850 600 001 000 770167<\/em><br \/>\n<em>BIC: GENODEF1PR2<\/em><\/p>\n   ","protected":false},"excerpt":{"rendered":"<p>Bewerbungen f\u00fcr 2024 k\u00f6nnen Sie uns wie folgt zukommen lassen: H\u00e4ndler und Schausteller k\u00f6nnen sich unter Angabe von: Anschrift Telefon \/ E-Mail Sortiment Platzbedarf (bei H\u00e4ngern incl. Deichsel) Wasser- bzw. Elektroanschluss (Leistung \/ Steckergr\u00f6\u00dfe) beim Bl\u00fctenfestverein um einen Standplatz bewerben. Es wird ein volksfest\u00fcbliches Markttreiben angestrebt, wobei H\u00e4ndler mit traditionellem Sortiment bevorzugt werden. Textilh\u00e4ndler werden &hellip; <a href=\"https:\/\/borthenerbluetenfest.de\/herzlich-willkommen-in-borthen-zum-bluetenfest\/haendler-schausteller\" class=\"more-link\"><span class=\"screen-reader-text\">H\u00e4ndler &#038; Schausteller<\/span> weiterlesen<\/a><\/p>\n","protected":false},"author":1,"featured_media":0,"parent":0,"menu_order":0,"comment_status":"closed","ping_status":"closed","template":"","meta":{"ngg_post_thumbnail":0,"footnotes":""},"class_list":["post-3097","page","type-page","status-publish","hentry"],"_links":{"self":[{"href":"https:\/\/borthenerbluetenfest.de\/herzlich-willkommen-in-borthen-zum-bluetenfest\/wp-json\/wp\/v2\/pages\/3097","targetHints":{"allow":["GET"]}}],"collection":[{"href":"https:\/\/borthenerbluetenfest.de\/herzlich-willkommen-in-borthen-zum-bluetenfest\/wp-json\/wp\/v2\/pages"}],"about":[{"href":"https:\/\/borthenerbluetenfest.de\/herzlich-willkommen-in-borthen-zum-bluetenfest\/wp-json\/wp\/v2\/types\/page"}],"author":[{"embeddable":true,"href":"https:\/\/borthenerbluetenfest.de\/herzlich-willkommen-in-borthen-zum-bluetenfest\/wp-json\/wp\/v2\/users\/1"}],"replies":[{"embeddable":true,"href":"https:\/\/borthenerbluetenfest.de\/herzlich-willkommen-in-borthen-zum-bluetenfest\/wp-json\/wp\/v2\/comments?post=3097"}],"version-history":[{"count":8,"href":"https:\/\/borthenerbluetenfest.de\/herzlich-willkommen-in-borthen-zum-bluetenfest\/wp-json\/wp\/v2\/pages\/3097\/revisions"}],"predecessor-version":[{"id":3103,"href":"https:\/\/borthenerbluetenfest.de\/herzlich-willkommen-in-borthen-zum-bluetenfest\/wp-json\/wp\/v2\/pages\/3097\/revisions\/3103"}],"wp:attachment":[{"href":"https:\/\/borthenerbluetenfest.de\/herzlich-willkommen-in-borthen-zum-bluetenfest\/wp-json\/wp\/v2\/media?parent=3097"}],"curies":[{"name":"wp","href":"https:\/\/api.w.org\/{rel}","templated":true}]}}