{"id":3180,"date":"2017-11-12T19:01:12","date_gmt":"2017-11-12T18:01:12","guid":{"rendered":"http:\/\/borthenerbluetenfest.de\/?page_id=3180"},"modified":"2026-03-20T11:34:26","modified_gmt":"2026-03-20T10:34:26","slug":"bluetenfestlauf-2024","status":"publish","type":"page","link":"https:\/\/borthenerbluetenfest.de\/herzlich-willkommen-in-borthen-zum-bluetenfest\/bluetenfestlauf-2024","title":{"rendered":"Bl\u00fctenfestlauf 2026"},"content":{"rendered":"<h1 style=\"text-align: center;\"><span style=\"color: #000080;\"><strong>Wertungslauf der Vielseitigkeitswettkampfserie der&nbsp;<\/strong><\/span><span style=\"color: #000080;\"><strong>L\u00e4uferstadt Dohna<\/strong><\/span><\/h1>\n<h1 style=\"text-align: center;\"><span style=\"color: #000080;\"><strong><img loading=\"lazy\" decoding=\"async\" class=\"alignleft wp-image-2941\" src=\"http:\/\/borthenerbluetenfest.de\/wp-content\/uploads\/2016\/05\/P1150240-225x300.jpg\" alt=\"P1150240\" width=\"264\" height=\"352\" srcset=\"https:\/\/borthenerbluetenfest.de\/wp-content\/uploads\/2016\/05\/P1150240-225x300.jpg 225w, https:\/\/borthenerbluetenfest.de\/wp-content\/uploads\/2016\/05\/P1150240.jpg 576w\" sizes=\"auto, (max-width: 264px) 100vw, 264px\" \/><\/strong><\/span><\/h1>\n<p style=\"text-align: left;\"><strong>Veranstalter:<\/strong> <em>Dresdner Lauftreff Linde 79 e.V.<\/em><\/p>\n<p style=\"text-align: left;\"><strong>Termin:<\/strong> <em><span style=\"color: #000080;\"><strong>02. Mai 2026&nbsp; 11:00 Uhr<\/strong><\/span><\/em><\/p>\n<p style=\"text-align: left;\"><strong>Start:<\/strong> <em>Schlo\u00df R\u00f6hrsdorf<\/em><br \/>\n<strong>Ziel:<\/strong> <em>Parkplatz M\u00fchlweg<\/em><\/p>\n<p><strong>Meldeb\u00fcro: <\/strong><em>Altes Gemeindeamt, Hauptstr. 24, 01809 Dohna OT R\u00f6hrsdorf<\/em><\/p>\n<p>&nbsp;<\/p>\n<p><strong>Voranmeldungen<\/strong> bis 28. April unter Angabe von&nbsp;&nbsp;Name, Vorname, Geburtsjahr, Wohnanschrift, Sportverein an E-Mail:&nbsp; <a href=\"mailto:bluetenfestlauf@gmx.de\">bluetenfestlauf@gmx.de.<\/a><\/p>\n<p><strong>Wettkampfstrecken, <\/strong>als Crossstrecke in Obstanlagen mit geringem Stra\u00dfenanteil:<\/p>\n<ul>\n<li>M 16&nbsp; (U 18) bis&nbsp; M 50&nbsp; &nbsp; &nbsp; &nbsp; &nbsp; &nbsp; &nbsp; 14 km&nbsp;&nbsp;&nbsp;&nbsp; 11.00 Uhr<\/li>\n<li>M 55&nbsp; bis&nbsp; M 85+&nbsp; &nbsp; &nbsp; &nbsp; &nbsp; &nbsp; &nbsp; &nbsp; &nbsp; &nbsp; &nbsp; &nbsp; &nbsp; 7 km &nbsp;&nbsp;&nbsp; 11.00 Uhr<\/li>\n<li>Frauen, weibl. Jgd. (ab U18)&nbsp; &nbsp; &nbsp;7 km&nbsp; &nbsp; &nbsp;11.00 Uhr<\/li>\n<\/ul>\n<p><strong>Organisationsgeb\u00fchr:<\/strong><\/p>\n<ul>\n<li>Erwachsene&nbsp; &nbsp; &nbsp; &nbsp; &nbsp; &nbsp; &nbsp; 6,00 EUR<\/li>\n<li>Jugendliche&nbsp; &nbsp; &nbsp; &nbsp; &nbsp; &nbsp; &nbsp; &nbsp;3,00 EUR<\/li>\n<li>Nachmeldegeb\u00fchr&nbsp; &nbsp;4,00 EUR<\/li>\n<li>Parkgeb\u00fchren bei Anreise mit dem PKW betragen 4,00 EUR und werden nicht erstattet und auch nicht mit der Organisationsgeb\u00fchr verrechnet.&nbsp;<\/li>\n<\/ul>\n<p>2018 gab es einen neuen Teilnehmerrekord. 111 L\u00e4ufern waren in den Fluren von R\u00f6hrsdorf, Borthen und Gorknitz auf den Strecken unterwegs. In 2025 waren wir mit 107 L\u00e4ufern knapp dran. Mal schauen ob wir das in 2026 \u00fcberbieten k\u00f6nnen. Also Mitmachen statt nur auf der faulen Haut liegen.<\/p>\n   ","protected":false},"excerpt":{"rendered":"<p>Wertungslauf der Vielseitigkeitswettkampfserie der&nbsp;L\u00e4uferstadt Dohna Veranstalter: Dresdner Lauftreff Linde 79 e.V. Termin: 02. Mai 2026&nbsp; 11:00 Uhr Start: Schlo\u00df R\u00f6hrsdorf Ziel: Parkplatz M\u00fchlweg Meldeb\u00fcro: Altes Gemeindeamt, Hauptstr. 24, 01809 Dohna OT R\u00f6hrsdorf &nbsp; Voranmeldungen bis 28. April unter Angabe von&nbsp;&nbsp;Name, Vorname, Geburtsjahr, Wohnanschrift, Sportverein an E-Mail:&nbsp; bluetenfestlauf@gmx.de. Wettkampfstrecken, als Crossstrecke in Obstanlagen mit geringem Stra\u00dfenanteil: &hellip; <a href=\"https:\/\/borthenerbluetenfest.de\/herzlich-willkommen-in-borthen-zum-bluetenfest\/bluetenfestlauf-2024\" class=\"more-link\"><span class=\"screen-reader-text\">Bl\u00fctenfestlauf 2026<\/span> weiterlesen<\/a><\/p>\n","protected":false},"author":1,"featured_media":2944,"parent":0,"menu_order":0,"comment_status":"closed","ping_status":"closed","template":"","meta":{"ngg_post_thumbnail":0,"footnotes":""},"class_list":["post-3180","page","type-page","status-publish","has-post-thumbnail","hentry"],"_links":{"self":[{"href":"https:\/\/borthenerbluetenfest.de\/herzlich-willkommen-in-borthen-zum-bluetenfest\/wp-json\/wp\/v2\/pages\/3180","targetHints":{"allow":["GET"]}}],"collection":[{"href":"https:\/\/borthenerbluetenfest.de\/herzlich-willkommen-in-borthen-zum-bluetenfest\/wp-json\/wp\/v2\/pages"}],"about":[{"href":"https:\/\/borthenerbluetenfest.de\/herzlich-willkommen-in-borthen-zum-bluetenfest\/wp-json\/wp\/v2\/types\/page"}],"author":[{"embeddable":true,"href":"https:\/\/borthenerbluetenfest.de\/herzlich-willkommen-in-borthen-zum-bluetenfest\/wp-json\/wp\/v2\/users\/1"}],"replies":[{"embeddable":true,"href":"https:\/\/borthenerbluetenfest.de\/herzlich-willkommen-in-borthen-zum-bluetenfest\/wp-json\/wp\/v2\/comments?post=3180"}],"version-history":[{"count":45,"href":"https:\/\/borthenerbluetenfest.de\/herzlich-willkommen-in-borthen-zum-bluetenfest\/wp-json\/wp\/v2\/pages\/3180\/revisions"}],"predecessor-version":[{"id":3647,"href":"https:\/\/borthenerbluetenfest.de\/herzlich-willkommen-in-borthen-zum-bluetenfest\/wp-json\/wp\/v2\/pages\/3180\/revisions\/3647"}],"wp:featuredmedia":[{"embeddable":true,"href":"https:\/\/borthenerbluetenfest.de\/herzlich-willkommen-in-borthen-zum-bluetenfest\/wp-json\/wp\/v2\/media\/2944"}],"wp:attachment":[{"href":"https:\/\/borthenerbluetenfest.de\/herzlich-willkommen-in-borthen-zum-bluetenfest\/wp-json\/wp\/v2\/media?parent=3180"}],"curies":[{"name":"wp","href":"https:\/\/api.w.org\/{rel}","templated":true}]}}