{"id":3256,"date":"2019-03-05T00:02:31","date_gmt":"2019-03-04T23:02:31","guid":{"rendered":"http:\/\/borthenerbluetenfest.de\/?page_id=3256"},"modified":"2025-10-01T12:23:27","modified_gmt":"2025-10-01T10:23:27","slug":"herzlich-willkommen-in-borthen-zum-bluetenfest","status":"publish","type":"page","link":"https:\/\/borthenerbluetenfest.de\/herzlich-willkommen-in-borthen-zum-bluetenfest\/","title":{"rendered":"Herzlich Willkommen in Borthen"},"content":{"rendered":"<p><img loading=\"lazy\" decoding=\"async\" class=\"alignleft size-full wp-image-2480\" src=\"http:\/\/borthenerbluetenfest.de\/wp-content\/uploads\/2015\/01\/Headerbild.jpg\" alt=\"\" width=\"1260\" height=\"240\" srcset=\"https:\/\/borthenerbluetenfest.de\/wp-content\/uploads\/2015\/01\/Headerbild.jpg 1260w, https:\/\/borthenerbluetenfest.de\/wp-content\/uploads\/2015\/01\/Headerbild-300x57.jpg 300w, https:\/\/borthenerbluetenfest.de\/wp-content\/uploads\/2015\/01\/Headerbild-1024x195.jpg 1024w\" sizes=\"auto, (max-width: 1260px) 100vw, 1260px\" \/><strong>Es war wieder ein tolles Bl\u00fctenfest mit viel Spa\u00df f\u00fcr Gro\u00df und Klein, Alt und Jung, eben f\u00fcr alle, die etwas erleben wollten.<\/strong><\/p>\n<p>Es hat bedingt durch das Wetter nicht immer alles so geklappt, wie wir uns das so vorgestellt haben, aber da wir dieses Fest ausschlie\u00dflich ehrenamtlich organisieren, muss auch nicht alles perfekt sein.<\/p>\n<p>Einzig das Feuerwerk haben wir absagen m\u00fcssen, aber alle andern Konzerte, Partys und Aktionen haben wir durchgezogen. Danke an alle Aktiven rund um und im Verein und besonders an unsere Techniker und Parkplatzhelfer f\u00fcr den geleisteten Support. Danke an unsere Unterst\u00fctzer aus Wirtschaft und Bankgewerbe, Danke an unsere Ordnungsh\u00fcter in Dresden und Pirna, den Rettungsdienst und die Verwaltungen in den umliegenden St\u00e4dten sowie im Landkreis f\u00fcr ihre Unterst\u00fctzung und die wertvollen Tipps.<\/p>\n<p><img loading=\"lazy\" decoding=\"async\" class=\"wp-image-3635 alignright\" src=\"https:\/\/borthenerbluetenfest.de\/wp-content\/uploads\/2025\/05\/IMG_8006-1024x768.jpg\" alt=\"\" width=\"384\" height=\"288\" srcset=\"https:\/\/borthenerbluetenfest.de\/wp-content\/uploads\/2025\/05\/IMG_8006-1024x768.jpg 1024w, https:\/\/borthenerbluetenfest.de\/wp-content\/uploads\/2025\/05\/IMG_8006-300x225.jpg 300w, https:\/\/borthenerbluetenfest.de\/wp-content\/uploads\/2025\/05\/IMG_8006-768x576.jpg 768w, https:\/\/borthenerbluetenfest.de\/wp-content\/uploads\/2025\/05\/IMG_8006-1536x1152.jpg 1536w, https:\/\/borthenerbluetenfest.de\/wp-content\/uploads\/2025\/05\/IMG_8006.jpg 2016w\" sizes=\"auto, (max-width: 384px) 100vw, 384px\" \/><\/p>\n<p>Bei sommerlichen Temperaturen um die 27\u00b0C am Donnerstag und Freitag mit Sonnenschein und strahlend blauem Himmel oder dem regnerischen Samstag bei 14\u00b0C und dem dann wieder wechselhaften, aber trockenen Sonntag mit 18\u00b0C und durchziehenden W\u00f6lkchen, konnte man die letzten Bl\u00fcten der Obstplantagen und unserer Zierkirchen erleben. Wer nicht da war hat definitiv etwas verpasst! Notiert Euch dann schon mal den <strong>Termin f\u00fcr 2026<\/strong>, denn da feiern wir 3 volle Tage vom <strong>1. &#8211; 3. Mai<\/strong> bei uns rund um den S\u00e4chsisch B\u00f6hmischen Bauernmarkt.<\/p>\n<p><img loading=\"lazy\" decoding=\"async\" class=\"wp-image-3613 alignleft\" src=\"https:\/\/borthenerbluetenfest.de\/wp-content\/uploads\/2025\/02\/P1180214-683x1024.jpg\" alt=\"\" width=\"202\" height=\"302\" srcset=\"https:\/\/borthenerbluetenfest.de\/wp-content\/uploads\/2025\/02\/P1180214-683x1024.jpg 683w, https:\/\/borthenerbluetenfest.de\/wp-content\/uploads\/2025\/02\/P1180214-200x300.jpg 200w, https:\/\/borthenerbluetenfest.de\/wp-content\/uploads\/2025\/02\/P1180214-768x1152.jpg 768w, https:\/\/borthenerbluetenfest.de\/wp-content\/uploads\/2025\/02\/P1180214-1024x1536.jpg 1024w, https:\/\/borthenerbluetenfest.de\/wp-content\/uploads\/2025\/02\/P1180214-1365x2048.jpg 1365w, https:\/\/borthenerbluetenfest.de\/wp-content\/uploads\/2025\/02\/P1180214-scaled.jpg 1707w\" sizes=\"auto, (max-width: 202px) 100vw, 202px\" \/><\/p>\n<p>Noch nie da gewesen?&nbsp;Schauen Sie mal vorbei &#8230;&nbsp;<\/p>\n<p>Letztes Jahr ging es hochhinaus auf die Slagline mit Ruben und Gregor vom Schlossturm bis zum Riesenrad! In diesem Jahr hatten wir soviel Livemusik, wie zu keinem anderen Fest der letzten 20 Jahre. Mal schauen, was Sie im n\u00e4chsten Jahr bei uns so entdecken k\u00f6nnen.<\/p>\n<p>Ideen f\u00fcr etwas Neues, sagen Sie uns Bescheid! Waren Sie auch da und hat es Spa\u00df gemacht? Ja, dann erz\u00e4hlen Sie es weiter!&nbsp; NEIN, dann sagen Sie es nur uns unter <em><a href=\"mailto:kontakt@borthenerbluetenfest.de\">kontakt@borthenerbluetenfest.de<\/a><\/em>!<\/p>\n<p>Wir freuen uns auf ein Wiedersehen !<\/p>\n   ","protected":false},"excerpt":{"rendered":"<p>Es war wieder ein tolles Bl\u00fctenfest mit viel Spa\u00df f\u00fcr Gro\u00df und Klein, Alt und Jung, eben f\u00fcr alle, die etwas erleben wollten. Es hat bedingt durch das Wetter nicht immer alles so geklappt, wie wir uns das so vorgestellt haben, aber da wir dieses Fest ausschlie\u00dflich ehrenamtlich organisieren, muss auch nicht alles perfekt sein. &hellip; <a href=\"https:\/\/borthenerbluetenfest.de\/herzlich-willkommen-in-borthen-zum-bluetenfest\/\" class=\"more-link\"><span class=\"screen-reader-text\">Herzlich Willkommen in Borthen<\/span> weiterlesen<\/a><\/p>\n","protected":false},"author":1,"featured_media":0,"parent":0,"menu_order":0,"comment_status":"closed","ping_status":"closed","template":"","meta":{"ngg_post_thumbnail":0,"footnotes":""},"class_list":["post-3256","page","type-page","status-publish","hentry"],"_links":{"self":[{"href":"https:\/\/borthenerbluetenfest.de\/herzlich-willkommen-in-borthen-zum-bluetenfest\/wp-json\/wp\/v2\/pages\/3256","targetHints":{"allow":["GET"]}}],"collection":[{"href":"https:\/\/borthenerbluetenfest.de\/herzlich-willkommen-in-borthen-zum-bluetenfest\/wp-json\/wp\/v2\/pages"}],"about":[{"href":"https:\/\/borthenerbluetenfest.de\/herzlich-willkommen-in-borthen-zum-bluetenfest\/wp-json\/wp\/v2\/types\/page"}],"author":[{"embeddable":true,"href":"https:\/\/borthenerbluetenfest.de\/herzlich-willkommen-in-borthen-zum-bluetenfest\/wp-json\/wp\/v2\/users\/1"}],"replies":[{"embeddable":true,"href":"https:\/\/borthenerbluetenfest.de\/herzlich-willkommen-in-borthen-zum-bluetenfest\/wp-json\/wp\/v2\/comments?post=3256"}],"version-history":[{"count":22,"href":"https:\/\/borthenerbluetenfest.de\/herzlich-willkommen-in-borthen-zum-bluetenfest\/wp-json\/wp\/v2\/pages\/3256\/revisions"}],"predecessor-version":[{"id":3642,"href":"https:\/\/borthenerbluetenfest.de\/herzlich-willkommen-in-borthen-zum-bluetenfest\/wp-json\/wp\/v2\/pages\/3256\/revisions\/3642"}],"wp:attachment":[{"href":"https:\/\/borthenerbluetenfest.de\/herzlich-willkommen-in-borthen-zum-bluetenfest\/wp-json\/wp\/v2\/media?parent=3256"}],"curies":[{"name":"wp","href":"https:\/\/api.w.org\/{rel}","templated":true}]}}