{"id":3266,"date":"2019-03-05T00:20:08","date_gmt":"2019-03-04T23:20:08","guid":{"rendered":"http:\/\/borthenerbluetenfest.de\/herzlich-willkommen-in-borthen-zum-bluetenfest\/?page_id=3266"},"modified":"2025-03-29T22:08:51","modified_gmt":"2025-03-29T21:08:51","slug":"anfahrt","status":"publish","type":"page","link":"https:\/\/borthenerbluetenfest.de\/herzlich-willkommen-in-borthen-zum-bluetenfest\/anfahrt","title":{"rendered":"Anfahrt"},"content":{"rendered":"<p>Das Borthener Bl\u00fctenfest erreichen Sie ganz bequem &#8230;<\/p>\n<ul class=\"bulletlist\">\n<li><a href=\"http:\/\/borthenerbluetenfest.de\/wp-content\/uploads\/2012\/02\/Subaru.jpg\"><img loading=\"lazy\" decoding=\"async\" class=\"alignleft wp-image-2489\" src=\"http:\/\/borthenerbluetenfest.de\/wp-content\/uploads\/2012\/02\/Subaru-300x116.jpg\" alt=\"Subaru\" width=\"352\" height=\"136\" srcset=\"https:\/\/borthenerbluetenfest.de\/wp-content\/uploads\/2012\/02\/Subaru-300x116.jpg 300w, https:\/\/borthenerbluetenfest.de\/wp-content\/uploads\/2012\/02\/Subaru.jpg 980w\" sizes=\"auto, (max-width: 352px) 100vw, 352px\" \/><\/a>mit dem Auto \u00fcber die BAB A17 Abfahrt Heidenau oder die B172 und dann Richtung Borthen. Es gibt in diesem Jahr wieder einen witterungsabh\u00e4ngigen Wiesenparkplatz. Die Parkgeb\u00fchr betr\u00e4gt 4,- \u20ac \/ Tag.<\/li>\n<\/ul>\n<p><span style=\"line-height: 1.5;\">Bitte nehmen Sie R\u00fccksicht auf die Bewohner der Ortschaft und halten sich an Geschwindigkeiten und Parkvorschriften der StVO.<\/span><\/p>\n<ul class=\"bulletlist\">\n<li>mit den \u00f6ffentlichen Verkehrsmitteln der Dresdner <a href=\"http:\/\/borthenerbluetenfest.de\/wp-content\/uploads\/2012\/02\/service-spielplatz-galerie-bastelbus.jpg\"><img loading=\"lazy\" decoding=\"async\" class=\"alignright size-medium wp-image-2488\" src=\"http:\/\/borthenerbluetenfest.de\/wp-content\/uploads\/2012\/02\/service-spielplatz-galerie-bastelbus-300x120.jpg\" alt=\"service-spielplatz-galerie-bastelbus\" width=\"300\" height=\"120\" srcset=\"https:\/\/borthenerbluetenfest.de\/wp-content\/uploads\/2012\/02\/service-spielplatz-galerie-bastelbus-300x120.jpg 300w, https:\/\/borthenerbluetenfest.de\/wp-content\/uploads\/2012\/02\/service-spielplatz-galerie-bastelbus.jpg 750w\" sizes=\"auto, (max-width: 300px) 100vw, 300px\" \/><\/a>Verkehrsbetriebe Buslinie 89 ab Bahnhof DD-Niedersedlitz oder DD-Lockwitz. Der Bus verkehrt im normalen Linienverkehr.<\/li>\n<\/ul>\n<h4>&nbsp;<\/h4>\n   ","protected":false},"excerpt":{"rendered":"<p>Das Borthener Bl\u00fctenfest erreichen Sie ganz bequem &#8230; mit dem Auto \u00fcber die BAB A17 Abfahrt Heidenau oder die B172 und dann Richtung Borthen. Es gibt in diesem Jahr wieder einen witterungsabh\u00e4ngigen Wiesenparkplatz. Die Parkgeb\u00fchr betr\u00e4gt 4,- \u20ac \/ Tag. Bitte nehmen Sie R\u00fccksicht auf die Bewohner der Ortschaft und halten sich an Geschwindigkeiten und &hellip; <a href=\"https:\/\/borthenerbluetenfest.de\/herzlich-willkommen-in-borthen-zum-bluetenfest\/anfahrt\" class=\"more-link\"><span class=\"screen-reader-text\">Anfahrt<\/span> weiterlesen<\/a><\/p>\n","protected":false},"author":1,"featured_media":3590,"parent":0,"menu_order":0,"comment_status":"closed","ping_status":"closed","template":"","meta":{"ngg_post_thumbnail":0,"footnotes":""},"class_list":["post-3266","page","type-page","status-publish","has-post-thumbnail","hentry"],"_links":{"self":[{"href":"https:\/\/borthenerbluetenfest.de\/herzlich-willkommen-in-borthen-zum-bluetenfest\/wp-json\/wp\/v2\/pages\/3266","targetHints":{"allow":["GET"]}}],"collection":[{"href":"https:\/\/borthenerbluetenfest.de\/herzlich-willkommen-in-borthen-zum-bluetenfest\/wp-json\/wp\/v2\/pages"}],"about":[{"href":"https:\/\/borthenerbluetenfest.de\/herzlich-willkommen-in-borthen-zum-bluetenfest\/wp-json\/wp\/v2\/types\/page"}],"author":[{"embeddable":true,"href":"https:\/\/borthenerbluetenfest.de\/herzlich-willkommen-in-borthen-zum-bluetenfest\/wp-json\/wp\/v2\/users\/1"}],"replies":[{"embeddable":true,"href":"https:\/\/borthenerbluetenfest.de\/herzlich-willkommen-in-borthen-zum-bluetenfest\/wp-json\/wp\/v2\/comments?post=3266"}],"version-history":[{"count":7,"href":"https:\/\/borthenerbluetenfest.de\/herzlich-willkommen-in-borthen-zum-bluetenfest\/wp-json\/wp\/v2\/pages\/3266\/revisions"}],"predecessor-version":[{"id":3600,"href":"https:\/\/borthenerbluetenfest.de\/herzlich-willkommen-in-borthen-zum-bluetenfest\/wp-json\/wp\/v2\/pages\/3266\/revisions\/3600"}],"wp:featuredmedia":[{"embeddable":true,"href":"https:\/\/borthenerbluetenfest.de\/herzlich-willkommen-in-borthen-zum-bluetenfest\/wp-json\/wp\/v2\/media\/3590"}],"wp:attachment":[{"href":"https:\/\/borthenerbluetenfest.de\/herzlich-willkommen-in-borthen-zum-bluetenfest\/wp-json\/wp\/v2\/media?parent=3266"}],"curies":[{"name":"wp","href":"https:\/\/api.w.org\/{rel}","templated":true}]}}