{"id":3271,"date":"2019-03-05T00:23:55","date_gmt":"2019-03-04T23:23:55","guid":{"rendered":"http:\/\/borthenerbluetenfest.de\/herzlich-willkommen-in-borthen-zum-bluetenfest\/?page_id=3271"},"modified":"2019-03-05T00:23:55","modified_gmt":"2019-03-04T23:23:55","slug":"borthener-bluetenfest-gelebte-tradition","status":"publish","type":"page","link":"https:\/\/borthenerbluetenfest.de\/herzlich-willkommen-in-borthen-zum-bluetenfest\/borthener-bluetenfest-gelebte-tradition","title":{"rendered":"Borthener Bl\u00fctenfest &#8211; Gelebte Tradition"},"content":{"rendered":"<p style=\"text-align: justify;\">Als 1975 das erste Bl\u00fctenfest in Borthen stattfand, dachte wahrscheinlich noch niemand daran, dass dieses Fest sich als eines der traditionsreichsten in der Gegend etablieren w\u00fcrde.<\/p>\n<p style=\"text-align: justify;\">Angek\u00fcndigt in den gro\u00dfen Regionalzeitungen<img loading=\"lazy\" decoding=\"async\" class=\"alignright size-medium wp-image-2778\" src=\"http:\/\/borthenerbluetenfest.de\/wp-content\/uploads\/2015\/04\/k-P1030915-300x225.jpg\" alt=\"k-P1030915\" width=\"300\" height=\"225\" srcset=\"https:\/\/borthenerbluetenfest.de\/wp-content\/uploads\/2015\/04\/k-P1030915-300x225.jpg 300w, https:\/\/borthenerbluetenfest.de\/wp-content\/uploads\/2015\/04\/k-P1030915.jpg 640w\" sizes=\"auto, (max-width: 300px) 100vw, 300px\" \/> und \u201ebeworben\u201c mit frischen \u00c4pfeln erfreute sich das j\u00e4hrlich ausgetragene Volksfest bald in der ganzen Region gro\u00dfer Beliebtheit. Initiatoren waren damals laut Zeitungsberichten die Borthener Obstbauern. Wer aber die eigentliche Idee dazu hatte, ist heute leider nicht mehr nachvollziehbar. Wer unsere Gegend kennt, gepr\u00e4gt durch die umliegenden Apfelbaumreihen, wird sich sicherlich ebenfalls nicht dem Reiz der bl\u00fchenden Obstb\u00e4ume entziehen k\u00f6nnen. Gerade Anfang Mai, wenn das Bl\u00fctenfest stattfindet, ist die Gegend in das zarte Weiss-Rosa der Apfel- und Kirschbl\u00fcte und in einen feinen Duft geh\u00fcllt.<\/p>\n<p style=\"text-align: justify;\">Bei dem ersten Bl\u00fctenfest gab es neben den besagten \u00c4pfeln immerhin schon Gulaschkanonen, eine Technikschau und einen kulturellen Beitrag in der \u201eObsthalle der Kooperation\u201c. Im zweiten Jahr konnten die Veranstalter zus\u00e4tzlich mit 20 St\u00e4nden aufwarten. F\u00fcr die damalige Zeit eine enorme Leistung. Bei einem der w\u00e4rmsten Tage im Mai seit 1893 konnten die Veranstalter damals \u00fcber 30 000 Besucher begr\u00fc\u00dfen, beim 6. Bl\u00fctenfest \u00fcber 50 000, um nur einige Zahlen zu nennen.<\/p>\n<p style=\"text-align: justify;\"><img loading=\"lazy\" decoding=\"async\" class=\"alignleft size-medium wp-image-2809\" src=\"http:\/\/borthenerbluetenfest.de\/wp-content\/uploads\/2015\/04\/IMG_9274-300x200.jpg\" alt=\"IMG_9274\" width=\"300\" height=\"200\" srcset=\"https:\/\/borthenerbluetenfest.de\/wp-content\/uploads\/2015\/04\/IMG_9274-300x200.jpg 300w, https:\/\/borthenerbluetenfest.de\/wp-content\/uploads\/2015\/04\/IMG_9274-1024x683.jpg 1024w\" sizes=\"auto, (max-width: 300px) 100vw, 300px\" \/>Vom \u201ereinen\u201c Gaumengenuss kam man bald schon zu einem erweiterten Programm. So boten G\u00e4rtnereien kleine Kostbarkeiten an Pflanzen und B\u00e4umchen an und es gab neben dem einheimischen Obst auch Handwerkliches aus der Region. Es wurden verst\u00e4rkt kulturelle Highlights gesetzt. Vom abendlichen Tanz, der sp\u00e4ter zur Disko wurde, bis hin zu Kutschfahrten, der Modenschau und dem Angebot f\u00fcr die Kinder wurden von Bl\u00fctenfest zu Bl\u00fctenfest neue interessante Aspekte eingebracht.<\/p>\n<p style=\"text-align: justify;\">Das Bl\u00fctenfest in R\u00f6hrsdorf \/ Borthen hat nunmehr seit 1975 als in vielerlei Hinsicht \u201estarkes\u201c Volksfest bestanden. Durch weitere Attraktionen aus den alten Bundesl\u00e4ndern wurde das Bl\u00fctenfest nach der Wende bereichert. So konnte das 16. Bl\u00fctenfest im Mai 1990 mit 75 000 Besuchern aufwarten \u2013 ein absoluter Rekord. Besonders kritisch gestaltete sich allerdings die Organisation der weiteren Feste. Lag bisher die Verantwortung \u201eorganisiert\u201c auf den B\u00fcrgermeistern der einzelnen Gemeinden, <img loading=\"lazy\" decoding=\"async\" class=\"alignright size-full wp-image-2929\" src=\"http:\/\/borthenerbluetenfest.de\/wp-content\/uploads\/2016\/05\/Janett-Laura.jpg\" alt=\"Janett + Laura\" width=\"208\" height=\"155\"><br \/>\ntraten 1991 die FFW Borthen, der Club der B\u00fcrgerscheune und die Gemeinde Borthen als Veranstalter auf, um die Tradition nicht abrei\u00dfen zu lassen. Auch wenn das Programm in dieser schwierigen Zeit nur handgeschrieben war, kamen trotzdem immerhin 10 000 G\u00e4ste zum Bl\u00fctenfest.Im Jahr 1992 wurde dann wieder mit \u201egeballter\u201c Kraft organisiert \u2013 au\u00dfer der Gemeinde Borthen bekam das Volksfest wieder Verst\u00e4rkung durch Gorknitz und R\u00f6hrsdorf sowie den Motor-Veteranen aus Dresden. Im Vergleich zum Vorjahr konnten sicherlich wieder mehr G\u00e4ste erwartete werden, was nicht nur allein an dem Auftritt der Puhdys lag.<\/p>\n<p style=\"text-align: justify;\">Ab 1996 kam als weiterer H\u00f6hepunkt die Wahl der Bl\u00fctenk\u00f6nigin hinzu, die zun\u00e4chst als regionale Wahl, sp\u00e4ter als Wahl der S\u00e4chsischen Bl\u00fctenk\u00f6nigin durchgef\u00fchrt wurde. Wert wurde und wird dabei nicht auf die \u201e\u00fcblichen\u201c Ma\u00dfst\u00e4be von Miss-Wahlen gelegt, sondern darauf, dass die Kandidatinnen ihr Wissen \u00fcber den Obstanbau und die Region auf fachlich hohem Niveau vor einer entsprechenden Jury aus Wirtschaft und Politik pr\u00e4sentieren.<\/p>\n<p style=\"text-align: justify;\"><img loading=\"lazy\" decoding=\"async\" class=\"alignleft size-medium wp-image-2821\" src=\"http:\/\/borthenerbluetenfest.de\/wp-content\/uploads\/2014\/01\/bl\u00fctenk\u00f6nigin_dpa-300x200.jpg\" alt=\"Neue S\u00e4chsische Bl\u00fctenk\u00f6nigin gew\u00e4hlt\" width=\"300\" height=\"200\" srcset=\"https:\/\/borthenerbluetenfest.de\/wp-content\/uploads\/2014\/01\/bl\u00fctenk\u00f6nigin_dpa-300x200.jpg 300w, https:\/\/borthenerbluetenfest.de\/wp-content\/uploads\/2014\/01\/bl\u00fctenk\u00f6nigin_dpa.jpg 400w\" sizes=\"auto, (max-width: 300px) 100vw, 300px\" \/>Mit der Gr\u00fcndung des Bl\u00fctenfestvereins Borthen \/ R\u00f6hrsdorf im August 2000 wurde langfristig die Organisation des Bl\u00fctenfestes sichergestellt und mit der Er\u00f6ffnung des S\u00e4chsisch-B\u00f6hmischen Bauernmarktes im Oktober 2001 ergaben sich neue M\u00f6glichkeiten der Durchf\u00fchrung. Der Bl\u00fctenfestverein arbeitet derzeit mit 7 Mitgliedern im Vorstand und weiteren 33 Mitgliedern im Verein, die sich ehrenamtlich bem\u00fchen, ein traditionsreiches Fest weiter zu organisieren und mit Leben zu erf\u00fcllen.<\/p>\n<address>Quellen: Bl\u00e4tter zur Heimatgeschichte herausgegeben vom Heimatverein R\u00f6hrsdorf e.V.<br \/>\nDie Bl\u00e4tter zur Heimatgeschichte k\u00f6nnen \u00fcber www.Heimatverein-R\u00f6hrsdorf.de bezogen werden.<\/address>\n   ","protected":false},"excerpt":{"rendered":"<p>Als 1975 das erste Bl\u00fctenfest in Borthen stattfand, dachte wahrscheinlich noch niemand daran, dass dieses Fest sich als eines der traditionsreichsten in der Gegend etablieren w\u00fcrde. Angek\u00fcndigt in den gro\u00dfen Regionalzeitungen und \u201ebeworben\u201c mit frischen \u00c4pfeln erfreute sich das j\u00e4hrlich ausgetragene Volksfest bald in der ganzen Region gro\u00dfer Beliebtheit. Initiatoren waren damals laut Zeitungsberichten die &hellip; <a href=\"https:\/\/borthenerbluetenfest.de\/herzlich-willkommen-in-borthen-zum-bluetenfest\/borthener-bluetenfest-gelebte-tradition\" class=\"more-link\"><span class=\"screen-reader-text\">Borthener Bl\u00fctenfest &#8211; Gelebte Tradition<\/span> weiterlesen<\/a><\/p>\n","protected":false},"author":1,"featured_media":0,"parent":0,"menu_order":0,"comment_status":"closed","ping_status":"closed","template":"","meta":{"ngg_post_thumbnail":0,"footnotes":""},"class_list":["post-3271","page","type-page","status-publish","hentry"],"_links":{"self":[{"href":"https:\/\/borthenerbluetenfest.de\/herzlich-willkommen-in-borthen-zum-bluetenfest\/wp-json\/wp\/v2\/pages\/3271","targetHints":{"allow":["GET"]}}],"collection":[{"href":"https:\/\/borthenerbluetenfest.de\/herzlich-willkommen-in-borthen-zum-bluetenfest\/wp-json\/wp\/v2\/pages"}],"about":[{"href":"https:\/\/borthenerbluetenfest.de\/herzlich-willkommen-in-borthen-zum-bluetenfest\/wp-json\/wp\/v2\/types\/page"}],"author":[{"embeddable":true,"href":"https:\/\/borthenerbluetenfest.de\/herzlich-willkommen-in-borthen-zum-bluetenfest\/wp-json\/wp\/v2\/users\/1"}],"replies":[{"embeddable":true,"href":"https:\/\/borthenerbluetenfest.de\/herzlich-willkommen-in-borthen-zum-bluetenfest\/wp-json\/wp\/v2\/comments?post=3271"}],"version-history":[{"count":1,"href":"https:\/\/borthenerbluetenfest.de\/herzlich-willkommen-in-borthen-zum-bluetenfest\/wp-json\/wp\/v2\/pages\/3271\/revisions"}],"predecessor-version":[{"id":3272,"href":"https:\/\/borthenerbluetenfest.de\/herzlich-willkommen-in-borthen-zum-bluetenfest\/wp-json\/wp\/v2\/pages\/3271\/revisions\/3272"}],"wp:attachment":[{"href":"https:\/\/borthenerbluetenfest.de\/herzlich-willkommen-in-borthen-zum-bluetenfest\/wp-json\/wp\/v2\/media?parent=3271"}],"curies":[{"name":"wp","href":"https:\/\/api.w.org\/{rel}","templated":true}]}}