{"id":3462,"date":"2020-01-22T22:52:50","date_gmt":"2020-01-22T21:52:50","guid":{"rendered":"http:\/\/borthenerbluetenfest.de\/herzlich-willkommen-in-borthen-zum-bluetenfest\/?page_id=3462"},"modified":"2020-01-22T22:56:41","modified_gmt":"2020-01-22T21:56:41","slug":"datenschutzerklaerung","status":"publish","type":"page","link":"https:\/\/borthenerbluetenfest.de\/herzlich-willkommen-in-borthen-zum-bluetenfest\/datenschutzerklaerung","title":{"rendered":"Datenschutzerkl\u00e4rung"},"content":{"rendered":"<h2><strong>Datenschutzerkl\u00e4rung<\/strong><\/h2>\n<h4>1. Verantwortlicher, Geltungsbereich, Datenschutzbeauftragter<\/h4>\n<p>1.1 Verantwortlicher im Sinne der Datenschutz-Grundverordnung und nationaler Datenschutzgesetze der Mitgliedstaaten sowie sonstiger datenschutzrechtlicher Bestimmungen f\u00fcr die Verarbeitung Ihrer <em>personenbezogenen Daten<\/em> sind wir, Bl\u00fctenfestverein Borthen R\u00f6hrsdorf e.V., Hauptstra\u00dfe 24, 01809 Dohna. Wir nehmen den Datenschutz ernst.<\/p>\n<p>1.2 Diese Datenschutzerkl\u00e4rung gilt f\u00fcr diese Website einschlie\u00dflich aller Unterseiten und Subdomains.<\/p>\n<p>1.3 Unsere Datenschutzbeauftragte erreichen Sie unter &lt;<strong>datenschutzbeauftragte@borthenerbluetenfest.de<\/strong>&gt; oder unserer Postadresse mit dem Zusatz \u201edie Datenschutzbeauftragte\u201c.<\/p>\n<h4>2. Bedeutung der einzelnen Begriffe in dieser Datenschutzerkl\u00e4rung<\/h4>\n<p><strong>Auftragsverarbeiter <\/strong><\/p>\n<p>Nat\u00fcrliche oder juristische Person, Beh\u00f6rde, Einrichtung oder andere Stelle, die personenbezogene Daten in unserem Auftrag verarbeitet.<\/p>\n<p><strong>Browserdaten <\/strong><\/p>\n<p>Personenbezogene Daten, die Ihr Browser beim Besuch unserer Website an unseren Webserver \u00fcbermittelt und die unser Webserver wenigstens f\u00fcr die Dauer Ihres Besuchs speichert, n\u00e4mlich Ihre IP-Adresse, Datum und Uhrzeit Ihres Besuchs, Zeitzonendifferenz zur Greenwich Mean Time (GMT), besuchte Seiten auf unserer Website, Zugriffsstatus\/HTTP-Statuscode, die Website, \u00fcber welche Sie auf unsere Website gelangt sind, der von Ihnen verwendete Browser einschlie\u00dflich Version und Sprache, die jeweils \u00fcbertragene Datenmenge und bei Aktivierung von JavaScript in Ihrem Browser auch Ihre Bildschirmaufl\u00f6sung,<br \/>\nFarbtiefe und die Gr\u00f6\u00dfe des Browserfensters.<\/p>\n<p><strong>Cookie<\/strong><\/p>\n<p>Textdatei, die auf Ihrem Endger\u00e4t vor\u00fcbergehend (\u201eSession-Cookie\u201c) oder dauerhaft (\u201edauerhafter Cookie\u201c) gespeichert wird und durch welche wir<br \/>\n(\u201eeigene Cookies\u201c) oder sonstige Empf\u00e4nger (\u201eDrittcookies\u201c) bestimmte Informationen erhalten. Diese Textdatei kann keine Programme ausf\u00fchren<br \/>\noder Viren auf Ihren Computer \u00fcbertragen.<\/p>\n<p><strong>Dritter<\/strong><\/p>\n<p>Nat\u00fcrliche oder juristische Person, Beh\u00f6rde, Einrichtung oder andere Stelle, au\u00dfer Ihnen, uns, dem Auftragsverarbeiter und den Personen, die unter der unmittelbaren Verantwortung von uns oder des Auftragsverarbeiters befugt sind, die personenbezogenen Daten zu verarbeiten.<\/p>\n<p><strong>Drittland<\/strong><\/p>\n<p>Ein Land au\u00dferhalb der Europ\u00e4ischen Union.<\/p>\n<p><strong>Empf\u00e4nger <\/strong><\/p>\n<p>Nat\u00fcrliche oder juristische Person, Beh\u00f6rde, Einrichtung oder andere Stelle, der<br \/>\npersonenbezogene Daten offen gelegt werden, unabh\u00e4ngig davon, ob es sich bei ihr um einen Dritten handelt oder nicht. Beh\u00f6rden, die im Rahmen eines bestimmten Untersuchungsauftrags nach dem Unionsrecht oder dem Recht der<br \/>\nMitgliedstaaten m\u00f6glicherweise personenbezogene Daten erhalten, gelten jedoch nicht als Empf\u00e4nger; die Verarbeitung dieser Daten durch die genannten<br \/>\nBeh\u00f6rden erfolgt im Einklang mit den geltenden Datenschutzvorschriften gem\u00e4\u00df den Zwecken der Verarbeitung.<\/p>\n<p><strong>Freiwillige Angaben <\/strong><\/p>\n<p>Personenbezogene Daten, die wir bei Ihnen abfragen, die keine Pflichtangaben sind, aber die Durchf\u00fchrung der Verarbeitung erleichtern.<\/p>\n<p><strong>Kontakt- und Anfragedaten<\/strong><\/p>\n<p>Personenbezogene Daten, die Sie bei einer Kontaktaufnahme per E-Mail oder sonst bei einer Kontaktaufnahme bzw. einer Anfrage au\u00dferhalb eines Vertragsschlusses angeben.<\/p>\n<p><strong>Nutzungsdaten <\/strong><\/p>\n<p>Personenbezogene Daten \u00fcber die Nutzung unserer Website durch Sie, die bei Nutzung der Website insbesondere als Browserdaten sowie durch Cookies automatisiert erhoben werden.<\/p>\n<p><strong>Personenbezogene Daten <\/strong><\/p>\n<p>Alle Informationen, die sich auf Sie als eine identifizierte oder identifizierbare nat\u00fcrliche Person beziehen.<\/p>\n<p><strong>Pflichtangaben <\/strong><\/p>\n<p>Personenbezogene Daten, die wir bei Ihnen abfragen und derer es zur Erf\u00fcllung der Zwecke der Verarbeitung zwingend bedarf. Pflichtangaben werden bei der Datenerhebung gesondert gekennzeichnet.<\/p>\n<p><strong>Plugin-Anbieter<\/strong><\/p>\n<p>Anbieter von Social-Plugins.<\/p>\n<p><strong>Vertragsdaten <\/strong><\/p>\n<p>Personenbezogene Daten, die Sie insbesondere w\u00e4hrend des Bestellvorgangs angeben, um das Vertragsverh\u00e4ltnis mit uns zu begr\u00fcnden, inhaltlich auszu-gestalten, zu \u00e4ndern oder zu beenden.<\/p>\n<h4><strong>3. Allgemeines zum Umgang mit personenbezogenen Daten<\/strong><\/h4>\n<p>3.1 Wir nutzen Ihre personenbezogenen Daten grunds\u00e4tzlich nur, um Ihnen die<br \/>\nInanspruchnahme unserer Leistungen zu erm\u00f6glichen.<\/p>\n<p>3.2 Soweit wir f\u00fcr Verarbeitungsvorg\u00e4nge personenbezogener Daten eine Einwilligung von Ihnen einholen, dient Art. 6 Abs. 1 Satz 1 lit. a) Datenschutz-Grundverordnung (DSGVO) als Rechtsgrundlage f\u00fcr die Verarbeitung personenbezogener Daten.<\/p>\n<p>3.3 Bei der Verarbeitung von personenbezogenen Daten, die zur Erf\u00fcllung eines Vertrags, dessen Vertragspartei Sie sind, erforderlich ist, dient Art. 6 Abs. 1 Satz 1 lit. b) DSGVO als Rechtsgrundlage. Dies gilt auch f\u00fcr Verarbeitungsvorg\u00e4nge, die zur Durchf\u00fchrung vorvertraglicher Ma\u00dfnahmen erforderlich sind.<\/p>\n<p>3.4 Soweit eine Verarbeitung personenbezogener Daten zur Erf\u00fcllung einer rechtlichen Verpflichtung erforderlich ist, der wir unterliegen, dient Art. 6 Abs. 1 Satz 1 lit. c) DSGVO als Rechtsgrundlage.<\/p>\n<p>3.5 F\u00fcr den Fall, dass Ihre lebenswichtigen Interessen oder die einer anderen nat\u00fcrlichen Person eine Verarbeitung personenbezogener Daten erforderlich machen, dient Art. 6 Abs. 1 Satz 1 lit. d) DSGVO als Rechtsgrundlage.<\/p>\n<p>3.6 Ist die Verarbeitung zur Wahrung eines berechtigten Interesses von uns oder eines Dritten erforderlich und \u00fcberwiegen die Interessen, Grundrechte und Grundfreiheiten von Ihnen das erstgenannte Interesse nicht, so dient Art. 6 Abs. 1 Satz 1 lit. f) DSGVO als Rechtsgrundlage f\u00fcr die Verarbeitung.<\/p>\n<p>3.7 Die personenbezogenen Daten werden gel\u00f6scht oder gesperrt, sobald der Zweck der Speicherung entf\u00e4llt. Eine Speicherung kann dar\u00fcber hinaus dann erfolgen, wenn dies durch den europ\u00e4ischen oder nationalen Gesetzgeber in unionsrechtlichen Verordnungen, Gesetzen oder sonstigen Vorschriften, denen der Verantwortliche unterliegt, vorgesehen wurde. Eine Sperrung oder L\u00f6schung der Daten erfolgt auch dann, wenn eine durch die genannten Normen vorgeschriebene Speicherfrist abl\u00e4uft, es sei denn, dass eine Erforderlichkeit zur weiteren Speicherung der Daten f\u00fcr einen Vertragsabschluss oder eine Vertrags-erf\u00fcllung besteht.<\/p>\n<p>3.8 Falls wir f\u00fcr einzelne Funktionen und Leistungen Ihre Daten an Empf\u00e4nger weitergeben, werden wir Sie nachfolgend im Detail \u00fcber die jeweiligen Vorg\u00e4nge informieren. Wir haben unsere Auftragsverarbeiter sorgf\u00e4ltig ausgew\u00e4hlt und beauftragt, sie sind an unsere Weisungen gebunden und werden regelm\u00e4\u00dfig kontrolliert. Die Auftragsverarbeiter werden diese Daten nicht an Dritte weitergeben, sondern sie nach Vertragserf\u00fcllung und dem Ablauf gesetzlicher Speicherfristen l\u00f6schen, soweit Sie nicht in eine dar\u00fcberhinausgehende Speicherung eingewilligt haben. Soweit die Empf\u00e4nger ihren Sitz in einem Drittland haben, informieren wir Sie \u00fcber die Folgen dieses Umstands in der<br \/>\nBeschreibung der jeweiligen Datenverarbeitung. Eine Weitergabe Ihrer personenbezogenen Daten an sonstige Dritte erfolgt ausnahmsweise auch dann, soweit wir zur Herausgabe dieser personenbezogenen Daten gesetzlich verpflichtet sind, wir werden Sie hier\u00fcber jedoch unverz\u00fcglich informieren.<\/p>\n<p>3.9 Unsere Mitarbeiter sind zur Verschwiegenheit \u00fcber personenbezogene Daten<br \/>\nverpflichtet.<\/p>\n<h4><strong>4. Ihre Rechte<\/strong><\/h4>\n<p>4.1 Sie k\u00f6nnen Ihre Einwilligung zur Nutzung Ihrer personenbezogenen Daten jederzeit mit Wirkung f\u00fcr die Zukunft uns gegen\u00fcber ganz oder teilweise widerrufen.<\/p>\n<p>4.2 Im Fall einer Verarbeitung personenbezogener Daten zur Wahrnehmung von im \u00f6ffentlichen Interesse liegenden Aufgaben (Art. 6 Abs. 1 S. 1 lit. e) DSGVO) oder zur Wahrnehmung berechtigter Interessen (Art. 6 Abs. 1 S. 1 lit. f) DSGVO), k\u00f6nnen Sie der Verarbeitung der Sie betreffenden personenbezogenen Daten jederzeit mit Wirkung f\u00fcr die Zukunft widersprechen. Im Fall des Widerspruchs haben wir jede weitere Verarbeitung Ihrer Daten zu den vorgenannten Zwecken zu unterlassen, es sei denn,<\/p>\n<p>\u2212 es liegen zwingende schutzw\u00fcrdige Gr\u00fcnde f\u00fcr eine Verarbeitung vor, die Ihre Interessen, Rechte und Freiheiten \u00fcberwiegen, oder<\/p>\n<p>\u2212 die Verarbeitung ist zur Geltendmachung, Aus\u00fcbung oder Verteidigung von Rechtsanspr\u00fcchen erforderlich.<\/p>\n<p>4.3 Sie haben zudem das Recht, sich bei einer Datenschutz-Aufsichtsbeh\u00f6rde \u00fcber datenschutzrechtliche Sachverhalte zu beschweren.<\/p>\n<p>4.4 Dar\u00fcber hinaus haben Sie hinsichtlich Ihrer personenbezogenen Daten folgende Rechte:<\/p>\n<p>&#8211; Recht auf Auskunft,<br \/>\n&#8211; Recht auf Berichtigung oder L\u00f6schung,<br \/>\n&#8211; Recht auf Einschr\u00e4nkung der Verarbeitung,<br \/>\n&#8211; Recht auf Daten\u00fcbertragbarkeit.<\/p>\n<h4><strong>5. Browserdaten<\/strong><\/h4>\n<p>5.1 Bei jedem Besuch unserer Website erheben wir Browserdaten. Wir erkn\u00fcpfen die Browserdaten nicht mit Ihren weiteren personenbezogenen Daten.<\/p>\n<p>5.2 Wir nutzen die Browserdaten, um Ihnen unsere Website anzuzeigen und die Stabilit\u00e4t und Sicherheit unserer Website zu gew\u00e4hrleisten. Insbesondere ben\u00f6tigen wir die Browserdaten, um St\u00f6rungen und Angriffe zu erkennen und zu beheben bzw. abzuwehren. Die Rechtsgrundlage f\u00fcr die Nutzung von Browserdaten ergibt sich aus Ziffer 3.6.<\/p>\n<p>5.3 Eine Weitergabe der Browserdaten an sonstige Empf\u00e4nger und insbesondere Dritte erfolgt nicht. Sofern wegen eines Angriffs auf unsere informations-technischen Systeme Ermittlungsma\u00dfnahmen eingeleitet werden, k\u00f6nnen die Browserdaten jedoch an staatliche Ermittlungsorgane weitergegeben werden. Dasselbe gilt, wenn entsprechende Beh\u00f6rden oder Gerichte Anfragen an uns richten und wir dazu verpflichtet sind, diesen Folge zu leisten. Eine \u00dcbermittlung Ihrer Browserdaten in ein Drittland oder an eine internationale Organisation ist nicht geplant.<\/p>\n<p>5.4 Die Browserdaten werden nach Beendigung Ihres Besuchs auf unserer Website gel\u00f6scht.<\/p>\n<h4><strong>6. Vertragsdaten<\/strong><\/h4>\n<p>6.1 Wir verarbeiten Ihre Vertragsdaten, bei denen es sich sowohl um Pflichtangaben als auch um freiwillige Angaben handeln kann, zur Begr\u00fcndung, Durchf\u00fchrung sowie \u00c4nderung des Vertragsverh\u00e4ltnisses auf Basis der in Ziffer 3.3 genannten Rechtsgrundlage.<\/p>\n<p>6.2 Eine Weitergabe Ihrer Vertragsdaten erfolgt ausschlie\u00dflich zur Vertragserf\u00fcllung. Empf\u00e4nger solcher Daten sind alle Auftragsverarbeiter. Eine Weitergabe der Vertragsdaten an sonstige Empf\u00e4nger und insbesondere Dritte erfolgt nicht. Eine \u00dcbermittlung Ihrer Vertragsdaten in ein Drittland oder an eine internationale Organisation ist nicht geplant.<\/p>\n<p>6.3 Ihre Vertragsdaten werden f\u00fcr die Dauer der Vertragserf\u00fcllung gespeichert und unverz\u00fcglich gel\u00f6scht, soweit keine gesetzlichen Vorschriften die weitere Verarbeitung, insbesondere die Aufbewahrung, verlangen, die Aufbewahrung aus Beweisgr\u00fcnden (z.B. zur Geltendmachung von Forderungen oder zur Abwehr m\u00f6glicher Schadensersatzanspr\u00fcche) geboten ist oder die ausdr\u00fcckliche Erlaubnis von Ihnen oder in Form einer gesetzlichen Erm\u00e4chtigung vorliegt.<\/p>\n<h4><strong>7. Kontakt- und Anfragedaten<\/strong><\/h4>\n<p>7.1 Wir verarbeiten Ihre Kontakt- und Anfragedaten, bei denen es sich sowohl um Pflichtangaben als auch um freiwillige Angaben (z.B. um Sie pers\u00f6nlich ansprechen sowie R\u00fcckfragen besser kl\u00e4ren zu k\u00f6nnen) handeln kann, zur Beantwortung Ihrer Anfragen auf Basis der in Ziffer 3.3 genannten Rechtsgrundlage.<\/p>\n<p>7.2 Eine Weitergabe der Kontakt- und Anfragedaten an sonstige Empf\u00e4nger und<br \/>\ninsbesondere Dritte erfolgt nicht. Auch eine \u00dcbermittlung Ihrer Kontakt- und Anfragedaten in ein Drittland oder an eine internationale Organisation ist nicht geplant.<\/p>\n<p>7.3 Ihre Kontakt- und Anfragedaten werden nach vollst\u00e4ndiger Bearbeitung Ihrer Anfrage unverz\u00fcglich gel\u00f6scht, soweit keine gesetzlichen Vorschriften die weitere Verarbeitung, insbesondere die Aufbewahrung, verlangen, die Aufbewahrung aus Beweisgr\u00fcnden (z.B. zur Geltendmachung von Forderungen oder zur Abwehr m\u00f6glicher Schadensersatzanspr\u00fcche) geboten ist oder die ausdr\u00fcckliche Erlaubnis von Ihnen oder in Form einer gesetzlichen<br \/>\nErm\u00e4chtigung vorliegt.<\/p>\n<h4><strong>8. Nutzung von Google Analytics<\/strong><\/h4>\n<p>8.1 Wir nutzen auf dieser Website Google Analytics, einen Webanalysedienst der Google Inc., 1600 Amphitheatre Parkway, Mountain View, CA 94043, USA. Google Inc. verwendet Drittcookies. Google Inc. benutzt die durch den Drittcookie erzeugten Informationen, um Ihre Nutzung der Website auszuwerten, um Reports \u00fcber die Aktivit\u00e4ten der Website f\u00fcr uns zusammenzustellen und um weitere mit der Nutzung der Website und der Internetnutzung verbundene Dienstleistungen uns gegen\u00fcber zu erbringen. Die im Rahmen von Google<br \/>\nAnalytics von Ihrem Browser \u00fcbermittelte IP-Adresse wird nicht mit anderen Daten von Google zusammengef\u00fchrt.<\/p>\n<p>8.2 Wir nutzen Google Analytics zur Analyse und Verbesserung unserer Website. Wir verfolgen damit das Interesse, \u00fcber die gewonnenen Statistiken unser Angebot zu verbessern und f\u00fcr Sie als Nutzer interessanter auszugestalten. Die Rechtsgrundlage f\u00fcr die Nutzung von Google Analytics ergibt sich aus Ziffer 3.6.<\/p>\n<p>8.3 Die durch den Drittcookie erzeugten Informationen \u00fcber Ihre Benutzung dieser Website (einschlie\u00dflich Ihrer IP-Adresse) werden in der Regel an einen Server von Google Inc. in den USA \u00fcbertragen und dort gespeichert. Wir haben auf unserer Website Google Analytics um den Code \u201egat._anonymizeIp();\u201c erweitert, um die Anonymisierung Ihrer IP-Adresse (sog. &#8222;IP-Masking&#8220;) zu gew\u00e4hrleisten. Das bedeutet, dass Ihre IP-Adresse von Google Analytics innerhalb von Mitgliedstaaten der Europ\u00e4ischen Union vor \u00dcbertragung an einen Server von Google Inc. in den USA gek\u00fcrzt wird. Eine eindeutige Zuordnung der IP-Adresse zu einer Person ist somit nicht mehr m\u00f6glich. Nur in Ausnahmef\u00e4llen wird die volle IP-Adresse an einen Server von Google Inc. in den USA \u00fcbertragen und dort gek\u00fcrzt. F\u00fcr die Ausnahmef\u00e4lle, in denen personenbezogene Daten in die USA \u00fcbertragen werden, hat sich Google Inc. dem EU-US Privacy Shield unterworfen, https:\/\/www.privacyshield.gov\/EU-US-Framework. Weitere Informationen zu Google Inc. finden Sie unter Nutzerbedingungen:<br \/>\nhttp:\/\/www.google.com\/analytics\/terms\/de.html (Nutzungsbedingungen),<br \/>\nhttp:\/\/www.google.com\/intl\/de\/analytics\/learn\/privacy.html (\u00dcbersicht zum Datenschutz) sowie http:\/\/www.google.de\/intl\/de\/policies\/privacy (Datenschutzerkl\u00e4rung). Die Kontaktdaten des Vertreters von Google Inc. in der EU lauten wie folgt: Google Dublin, Google Ireland Ltd., Gordon House, Barrow Street, Dublin 4, Ireland, Fax: +353 (1) 436 1001.<\/p>\n<p>8.4 Sie k\u00f6nnen die Installation von Cookies durch eine entsprechende Einstellung<br \/>\nIhrer Browser-Software verhindern; wir weisen Sie jedoch darauf hin, dass Sie in<br \/>\ndiesem Fall gegebenenfalls nicht s\u00e4mtliche Funktionen unserer Website voll-umf\u00e4nglich nutzen k\u00f6nnen. Sie k\u00f6nnen dar\u00fcber hinaus die Erfassung der durch<br \/>\nden Drittcookie erzeugten und auf Ihre Nutzung der Website bezogenen Daten (inkl. Ihrer IP-Adresse) an Google Inc. sowie die Verarbeitung dieser Nutzungsdaten durch Google Analytics verhindern, indem Sie das unter dem folgenden Link (http:\/\/tools.google.com\/dlpage\/gaoptout?hl=de) verf\u00fcgbare Browser-Plugin herunterladen und installieren.<\/p>\n<h4><strong>9. Einbindung von YouTube-Videos<\/strong><\/h4>\n<p>9.1 Wir haben YouTube-Videos in unser Online-Angebot eingebunden, die auf<br \/>\nhttp:\/\/www.YouTube.com gespeichert sind und von unserer Website aus direkt abspielbar sind. Die YouTube-Videos sind im \u201eerweiterten Datenschutz-Modus\u201c eingebunden, d.h. dass keine Daten \u00fcber Sie als Nutzer an YouTube \u00fcbertragen werden, wenn Sie die Videos nicht abspielen. Erst wenn Sie die Videos abspielen, erh\u00e4lt YouTube die Information, dass Sie die entsprechende Unterseite unserer Website aufgerufen haben. Zudem werden an Google Inc. die Browserdaten \u00fcbermittelt. Dies erfolgt unabh\u00e4ngig davon, ob YouTube ein Nutzerkonto<br \/>\nbereitstellt, \u00fcber das Sie eingeloggt sind, oder ob kein Nutzerkonto besteht. Wenn Sie gleichzeitig bei Google eingeloggt sind, werden Ihre Daten direkt Ihrem Google-Konto zugeordnet. W\u00fcnschen Sie die Zuordnung mit Ihrem Profil bei YouTube nicht, m\u00fcssen Sie sich vor Abruf des YouTube-Videos bei Google ausloggen. YouTube speichert Ihre Daten als Nutzungsprofile und nutzt sie f\u00fcr Zwecke der Werbung, Marktforschung und\/oder bedarfsgerechten Gestaltung der Websites von Google Inc.. Eine solche Auswertung erfolgt insbesondere (selbst f\u00fcr nicht eingeloggte Nutzer) zur Erbringung von bedarfsgerechter<br \/>\nWerbung und um andere Nutzer des sozialen Netzwerks \u00fcber Ihre Aktivit\u00e4ten auf unserer Website zu informieren. Auf die Daten\u00fcbertragung aufgrund des Abrufs von YouTube-Videos haben wir keinen Einfluss.<\/p>\n<p>9.2 \u00dcber die Einbindung von YouTube-Videos m\u00f6chten wir unser Angebot verbessern und f\u00fcr Sie als Nutzer interessanter ausgestalten. Die Rechtsgrundlage f\u00fcr die Einbindung von YouTube-Videos ergibt sich aus Ziffer 3.6.<\/p>\n<p>9.3 Die YouTube-Videos sind Angebote von Google Inc., 1600 Amphitheatre Parkway, Mountain View, CA 94043, USA. Weitere Informationen zu Zweck und Umfang der Erhebung und Verarbeitung Ihrer Daten durch Google Inc., zu Ihren diesbez\u00fcglichen Rechten und zu Voreinstellungsm\u00f6glichkeiten zum Schutz Ihrer Privatsph\u00e4re erhalten Sie unter https:\/\/www.google.de\/intl\/de\/policies\/privacy. Google Inc. verarbeitet Ihre personenbezogenen Daten auch in den USA und hat sich dem EU-US-Privacy-Shield unterworfen, siehe https:\/\/www.privacyshield.gov\/EU-US-Framework.<\/p>\n<p><em><strong>9.4 Ihnen steht gegen die Herstellung der Nutzerprofile durch Google Inc. ein <\/strong><\/em><em><strong>Widerspruchsrecht zu, wobei Sie sich zu dessen Aus\u00fcbung an Google Inc. wenden m\u00fcssen.<\/strong><\/em><\/p>\n<h4><strong>10. Einbindung von Google Maps<\/strong><\/h4>\n<p>10.1 Auf dieser Webseite nutzen wir Google Maps, einen Dienst von Google Inc. (1600 Amphitheatre Parkway, Mountain View, CA 94043, USA). Durch den Besuch auf der Website erh\u00e4lt Google Inc. die Information, dass Sie die entsprechende Unterseite unserer Website aufgerufen haben. Zudem werden an Google Inc. die Browserdaten \u00fcbermittelt. Dies erfolgt unabh\u00e4ngig davon, ob Google Inc. ein Nutzerkonto bereitstellt, \u00fcber das Sie eingeloggt sind, oder ob kein Nutzerkonto besteht. Wenn Sie gleichzeitig bei Google eingeloggt sind, werden Ihre Daten direkt Ihrem Konto zugeordnet. W\u00fcnschen Sie die Zuordnung mit Ihrem Profil bei Google Inc. nicht, m\u00fcssen Sie sich vor Anklicken einer Karte von Google Maps ausloggen. Google Inc. speichert Ihre Daten als Nutzungsprofile und nutzt sie f\u00fcr Zwecke der Werbung, Marktforschung und\/oder bedarfsgerechten Gestaltung der Websites von Google Inc.. Eine solche Auswertung erfolgt insbesondere (selbst f\u00fcr nicht eingeloggte Nutzer) zur Erbringung von bedarfsgerechter Werbung und um andere Nutzer des sozialen Netzwerks \u00fcber Ihre<br \/>\nAktivit\u00e4ten auf unserer Website zu informieren. Auf die Daten\u00fcbertragung aufgrund der Nutzung von Google Maps haben wir keinen Einfluss.<\/p>\n<p>10.2 Mit Google Maps k\u00f6nnen wir Ihnen interaktive Karten direkt in der Website anzeigen und erm\u00f6glichen Ihnen die komfortable Nutzung der Karten-Funktion. Die Rechtsgrundlage f\u00fcr die Einbindung von Google Maps ergibt sich aus Ziffer 3.6.<\/p>\n<p>10.3 Weitere Informationen zu Zweck und Umfang der Erhebung und Verarbeitung Ihrer Daten durch Google Inc., zu Ihren diesbez\u00fcglichen Rechten und zu Voreinstellungsm\u00f6glichkeiten zum Schutz Ihrer Privatsph\u00e4re erhalten Sie unter http:\/\/www.google.de\/intl\/de\/policies\/privacy. Google Inc. verarbeitet Ihre personenbezogenen Daten auch in den USA und hat sich dem EU-US Privacy Shield unterworfen, siehe https:\/\/www.privacyshield.gov\/EU-US-Framework.<\/p>\n<p><em><strong>10.4 Ihnen steht gegen die Herstellung der Nutzerprofile durch Google Inc. ein <\/strong><\/em><em><strong>Widerspruchsrecht zu, wobei Sie sich zu dessen Aus\u00fcbung an Google Inc. wenden m\u00fcssen.<\/strong><\/em><\/p>\n<h4><strong>11. Datensicherheit<\/strong><\/h4>\n<p>Alle Informationen, die Sie an uns \u00fcbermitteln, werden auf Servern innerhalb der Bundesrepublik Deutschland gespeichert. Wir weisen darauf hin, dass die \u00dcbertragung von Informationen \u00fcber das Internet nicht vollst\u00e4ndig sicher ist, weshalb wir die Sicherheit der \u00fcber das Internet an unsere Website \u00fcbermittelten Daten nicht garantieren k\u00f6nnen. Alle Daten, die sich auf unseren Servern befinden, sind durch technische und organisatorische Ma\u00dfnahmen (z.B. hintereinander geschaltete Sicherheitssysteme) gegen Verlust, Zerst\u00f6rung, vor dem Zugriff, der Ver\u00e4nderung oder Verbreitung durch unbefugte Personen<br \/>\ngesichert. Wir \u00fcberpr\u00fcfen die Wirksamkeit des Schutzes regelm\u00e4\u00dfig.<\/p>\n<h4><strong>12. Abrufbarkeit der Datenschutzbestimmungen<\/strong><\/h4>\n<p>Sie k\u00f6nnen diese Datenschutzbestimmungen von jeder Seite unserer Website unter der Rubrik &#8222;Datenschutzerkl\u00e4rung&#8220; abrufen und ausdrucken.<\/p>\n<p>Stand: Januar 2020<\/p>\n   ","protected":false},"excerpt":{"rendered":"<p>Datenschutzerkl\u00e4rung 1. Verantwortlicher, Geltungsbereich, Datenschutzbeauftragter 1.1 Verantwortlicher im Sinne der Datenschutz-Grundverordnung und nationaler Datenschutzgesetze der Mitgliedstaaten sowie sonstiger datenschutzrechtlicher Bestimmungen f\u00fcr die Verarbeitung Ihrer personenbezogenen Daten sind wir, Bl\u00fctenfestverein Borthen R\u00f6hrsdorf e.V., Hauptstra\u00dfe 24, 01809 Dohna. Wir nehmen den Datenschutz ernst. 1.2 Diese Datenschutzerkl\u00e4rung gilt f\u00fcr diese Website einschlie\u00dflich aller Unterseiten und Subdomains. 1.3 Unsere &hellip; <a href=\"https:\/\/borthenerbluetenfest.de\/herzlich-willkommen-in-borthen-zum-bluetenfest\/datenschutzerklaerung\" class=\"more-link\"><span class=\"screen-reader-text\">Datenschutzerkl\u00e4rung<\/span> weiterlesen<\/a><\/p>\n","protected":false},"author":1,"featured_media":0,"parent":0,"menu_order":0,"comment_status":"closed","ping_status":"closed","template":"","meta":{"ngg_post_thumbnail":0,"footnotes":""},"class_list":["post-3462","page","type-page","status-publish","hentry"],"_links":{"self":[{"href":"https:\/\/borthenerbluetenfest.de\/herzlich-willkommen-in-borthen-zum-bluetenfest\/wp-json\/wp\/v2\/pages\/3462","targetHints":{"allow":["GET"]}}],"collection":[{"href":"https:\/\/borthenerbluetenfest.de\/herzlich-willkommen-in-borthen-zum-bluetenfest\/wp-json\/wp\/v2\/pages"}],"about":[{"href":"https:\/\/borthenerbluetenfest.de\/herzlich-willkommen-in-borthen-zum-bluetenfest\/wp-json\/wp\/v2\/types\/page"}],"author":[{"embeddable":true,"href":"https:\/\/borthenerbluetenfest.de\/herzlich-willkommen-in-borthen-zum-bluetenfest\/wp-json\/wp\/v2\/users\/1"}],"replies":[{"embeddable":true,"href":"https:\/\/borthenerbluetenfest.de\/herzlich-willkommen-in-borthen-zum-bluetenfest\/wp-json\/wp\/v2\/comments?post=3462"}],"version-history":[{"count":3,"href":"https:\/\/borthenerbluetenfest.de\/herzlich-willkommen-in-borthen-zum-bluetenfest\/wp-json\/wp\/v2\/pages\/3462\/revisions"}],"predecessor-version":[{"id":3465,"href":"https:\/\/borthenerbluetenfest.de\/herzlich-willkommen-in-borthen-zum-bluetenfest\/wp-json\/wp\/v2\/pages\/3462\/revisions\/3465"}],"wp:attachment":[{"href":"https:\/\/borthenerbluetenfest.de\/herzlich-willkommen-in-borthen-zum-bluetenfest\/wp-json\/wp\/v2\/media?parent=3462"}],"curies":[{"name":"wp","href":"https:\/\/api.w.org\/{rel}","templated":true}]}}